{"id":11105,"date":"2016-04-26T16:58:59","date_gmt":"2016-04-26T16:58:59","guid":{"rendered":"https:\/\/es.blogs.cam4.com\/?page_id=11105"},"modified":"2016-04-28T12:31:55","modified_gmt":"2016-04-28T12:31:55","slug":"cam4sexfantasy-final","status":"publish","type":"page","link":"https:\/\/es.cam4.com\/blog\/cam4sexfantasy-final\/","title":{"rendered":""},"content":{"rendered":"<h2 style=\"text-align: center;\">Tributo a nuestr@s modelos CAM4: Todas, pero todas, las fotos de CAM4 sexfantasy!<\/h2>\n<p><span style=\"color: #333333;\">No podemos terminar el mes de la fantas\u00eda con mayor alegr\u00eda que esta impresionante galer\u00eda dedicada a tod@s l@s modelos&#8230; porque no compartirla con todo el mundo ser\u00eda un crimen!! ? Esperamos que disfrut\u00e9is tanto como nosotros! ???<\/span><\/p>\n<p>Nos vemos en el pr\u00f3ximo concurso!<\/p>\n<p>Por cierto&#8230; qu\u00e9 tema podr\u00edamos usar para el pr\u00f3ximo concurso de fotos? D\u00e9janos un comentario si tienes alguna idea!! ?<\/p>\n<p>&nbsp;<\/p>\n<p><iframe loading=\"lazy\" class=\"imgur-album\" src=\"\/\/imgur.com\/a\/MgW14\/embed\" width=\"100%\" height=\"650\" frameborder=\"0\"><\/iframe><\/p>\n<p>\u00bfFalta tu foto? Escr\u00edbenos en twitter <a href=\"https:\/\/twitter.com\/Cam4_ES\">Cam4_ES<\/a><\/p>\n<p>&nbsp;<\/p>\n<h4 style=\"text-align: center;\"><a class=\"xl\" href=\"https:\/\/es.cam4.com\" target=\"_blank\">DIV\u00cdERTETE EN CAM4.COM<\/a><\/h4>\n","protected":false},"excerpt":{"rendered":"<p>Tributo a nuestr@s modelos CAM4: Todas, pero todas, las fotos de CAM4 sexfantasy! <\/p>\n<p>No podemos terminar el mes de la fantas\u00eda con mayor<\/p>\n","protected":false},"author":1,"featured_media":0,"parent":0,"menu_order":0,"comment_status":"open","ping_status":"open","template":"page_full_width.php","meta":[],"_links":{"self":[{"href":"https:\/\/es.cam4.com\/blog\/wp-json\/wp\/v2\/pages\/11105"}],"collection":[{"href":"https:\/\/es.cam4.com\/blog\/wp-json\/wp\/v2\/pages"}],"about":[{"href":"https:\/\/es.cam4.com\/blog\/wp-json\/wp\/v2\/types\/page"}],"author":[{"embeddable":true,"href":"https:\/\/es.cam4.com\/blog\/wp-json\/wp\/v2\/users\/1"}],"replies":[{"embeddable":true,"href":"https:\/\/es.cam4.com\/blog\/wp-json\/wp\/v2\/comments?post=11105"}],"version-history":[{"count":0,"href":"https:\/\/es.cam4.com\/blog\/wp-json\/wp\/v2\/pages\/11105\/revisions"}],"wp:attachment":[{"href":"https:\/\/es.cam4.com\/blog\/wp-json\/wp\/v2\/media?parent=11105"}],"curies":[{"name":"wp","href":"https:\/\/api.w.org\/{rel}","templated":true}]}}