{"id":20033,"date":"2019-07-31T10:45:04","date_gmt":"2019-07-31T10:45:04","guid":{"rendered":"https:\/\/es.blogs.cam4.com\/?page_id=20033"},"modified":"2019-08-01T10:31:55","modified_gmt":"2019-08-01T10:31:55","slug":"recibe-tus-pagos-con-cam4-crosscard-y-recibe-25-de-regalo-promocion-limitada","status":"publish","type":"page","link":"https:\/\/es.cam4.com\/blog\/recibe-tus-pagos-con-cam4-crosscard-y-recibe-25-de-regalo-promocion-limitada\/","title":{"rendered":"\u00a1Recibe tus pagos con CAM4 CROSSCARD y recibe 25$ de regalo! *Promoci\u00f3n limitada*"},"content":{"rendered":"<div class=\"single_title\">\n<h1 style=\"text-align: center;\"><a href=\"https:\/\/es.cam4.com\/blog\/files\/2019\/07\/cam4crosscard-offer_es.jpg\"><img loading=\"lazy\" class=\"aligncenter wp-image-20034 size-large\" src=\"https:\/\/es.cam4.com\/blog\/files\/2019\/07\/cam4crosscard-offer_es-1024x508.jpg\" alt=\"cam4crosscard-offer_es\" width=\"900\" height=\"446\" srcset=\"https:\/\/es.cam4.com\/blog\/wp-content\/blogs.dir\/4\/files\/2019\/07\/cam4crosscard-offer_es.jpg 1024w, https:\/\/es.cam4.com\/blog\/wp-content\/blogs.dir\/4\/files\/2019\/07\/cam4crosscard-offer_es-300x149.jpg 300w, https:\/\/es.cam4.com\/blog\/wp-content\/blogs.dir\/4\/files\/2019\/07\/cam4crosscard-offer_es-600x298.jpg 600w\" sizes=\"(max-width: 900px) 100vw, 900px\" \/><\/a><\/h1>\n<h1 style=\"text-align: center;\">Solicita ahora tu tarjeta prepago CAM4-Crosscard para recibir tus pagos y recibir\u00e1s <span style=\"color: #ff6600;\">250 fichas de regalo<\/span>.<br \/>\n<em>\u00a1Tienes hasta el final de<strong> Agosto!<\/strong><\/em><\/h1>\n<p style=\"text-align: center;\">\n<\/div>\n<div class=\"single_text\">\n<div class=\"text-wrap tlid-copy-target\">\n<p><strong><strong><strong>CAM4-Crosscard tiene las siguientes ventajas:<\/strong><\/strong><\/strong><\/p>\n<p><span id=\"result_box\" class=\"\" lang=\"fr\">&#8211; <span style=\"color: #ff6600;\"><strong>Econ\u00f3mica<\/strong><\/span>: <span class=\"\">CAM4-Crosscard es la tarjeta m\u00e1s econ\u00f3mica actualmente en circulaci\u00f3n. La tarjeta es completamente GRATUITA y los gastos de mantenimiento de la cuenta son extremadamente bajos.<\/span><\/span><\/p>\n<p><span id=\"result_box\" class=\"\" lang=\"fr\">&#8211; <span style=\"color: #ff6600;\"><strong>R\u00e1pida<\/strong><\/span>: <span class=\"\">Puedes solicitar pagos desde CAM4 a partir de un m\u00ednimo de 75$. Un pago solicitado desde CAM4 tardar\u00e1 solo 3 d\u00edas en estar disponible en tu cuenta.<br \/>\n<\/span><\/span><\/p>\n<p><span id=\"result_box\" class=\"\" lang=\"fr\">&#8211; <span style=\"color: #ff6600;\"><strong>F\u00e1cil<\/strong><\/span>: \u00a1Solicitar una tarjeta es muy sencillo! Escribe tu nombre y apellidos y la direcci\u00f3n de env\u00edo. \u00a1Recibir\u00e1s tu tarjeta en menos de 10 d\u00edas laborales!<span class=\"\"><br \/>\n<\/span><\/span><\/p>\n<p><span id=\"result_box\" class=\"\" lang=\"fr\"><span class=\"\">&#8211; <span style=\"color: #ff6600;\"><strong>Segura<\/strong>:<\/span> CAM4-CrossCard est\u00e1 aprobada por la Financial Authority FCA del Reino Unido y ha colaborado recientemente con PAYPAL, Citi Ventures y FPE Group.<\/span><\/span><\/p>\n<p>&nbsp;<\/p>\n<h3 style=\"text-align: center;\"><a href=\"https:\/\/www.cam4support.com\/es\/crosscard\/\" target=\"_blank\">Haz clic aqu\u00ed para conocer todo sobre CAM4-Crosscard<\/a><\/h3>\n<\/div>\n<div class=\"tlid-result-transliteration-container result-transliteration-container transliteration-container\">\n<div class=\"text-wrap tlid-copy-target\">\n<p class=\"result-shield-container tlid-copy-target\" tabindex=\"0\"><strong><span class=\"tlid-translation translation\" lang=\"fr\"><span class=\"\" title=\"\"> _____________________________________________________________________________________________________________________________<\/span><\/span><\/strong><\/p>\n<\/div>\n<\/div>\n<\/div>\n<h2 class=\"single_text\" style=\"text-align: center;\">\u00a1Recibir\u00e1s <span style=\"color: #ff6600;\">250 fichas<\/span> de regalo en tu cuenta CAM4 despu\u00e9s de activar tu tarjeta CAM4-Crosscard y configurarla como tu <span style=\"color: #ff6600;\">m\u00e9todo de pago principal<\/span>!<\/h2>\n<div class=\"single_text\">\n<div class=\"text-wrap tlid-copy-target\">\n<div class=\"tlid-result-transliteration-container result-transliteration-container transliteration-container\" style=\"text-align: center;\"><span class=\"tlid-translation translation\" lang=\"fr\"><span class=\"\" title=\"\">Despu\u00e9s de recibir y activar tu tarjeta. aseg\u00farate de que CAM4-Crosscard est\u00e1 configurado como m\u00e9todo de pago predefinido en tu Panel de Modelo. Ver\u00e1s un icono azul junto al m\u00e9todo de pago principal, como en la imagen de debajo:<br \/>\n<\/span><\/span><\/div>\n<\/div>\n<p style=\"text-align: center;\"><a class=\"fancybox\" href=\"https:\/\/it.blogs.cam4.com\/files\/2019\/07\/seleziona-cam4-crosscard-.jpg\" rel=\"fancybox\"><img loading=\"lazy\" class=\"aligncenter wp-image-33175 \" src=\"https:\/\/it.blogs.cam4.com\/files\/2019\/07\/seleziona-cam4-crosscard-.jpg\" alt=\"seleziona cam4 crosscard\" width=\"824\" height=\"65\" \/><\/a><strong><br \/>\nUna vez que hayas configurado CAM4-Crosscard como tu opci\u00f3n de pago predefinida recibir\u00e1s en tu cuenta 250 Fichas CAM4 de regalo*!<br \/>\n<\/strong><\/p>\n<p>&nbsp;<\/p>\n<p><strong><span style=\"color: #ff6600;\">T\u00e9rminos y condiciones*:<\/span><br \/>\n<\/strong><\/p>\n<p><em>Debes tener tu cuenta verificada con tus documentos de identidad en el Panel de Modelo para poder configurar tu m\u00e9todo de pago y solicitar pagos.<\/em><\/p>\n<p><em><span class=\"tlid-translation translation\" lang=\"fr\"><span title=\"\">Promoci\u00f3n exclusiva para modelos residentes en Europa que no hayan utilizado en el pasado CAM4 Crosscard como su m\u00e9todo de pago en CAM4.<\/span><\/span><\/em><\/p>\n<p><em>CAM4 Crosscard deber\u00e1 ser seleccionada como m\u00e9todo de pago predefinido en CAM4 antes del 31 de Agosto.<\/em><\/p>\n<p><em><span title=\"\">Periodo de validez de la promoci\u00f3n: <span style=\"text-decoration: underline;\">del 1 al 31 de Agosto 2019.<\/span><\/span><\/em><\/p>\n<p><em><span class=\"\" title=\"\">Aquell@s modelos que antes del 31 de Agosto hayan activado y configurado CAM4 Crosscard como su m\u00e9todo de pago predefinido en CAM4 recibir\u00e1n 250 Fichas de regalo.<\/span><\/em><\/p>\n<p><em><span class=\"\" title=\"\">La tarjeta CAM4-Crosscard solo puede ser solicitada a trav\u00e9s del Panel de Modelo y solo puede ser utilizada para retirar el dinero ganado en CAM4.<em><br \/>\n<\/em><\/span><\/em><\/p>\n<p><em><span class=\"\" title=\"\">Crosscard no responder\u00e1 directamente a las solicitudes de activaci\u00f3n de nuevas tarjetas que se hayan solicitado a trav\u00e9s de su propia p\u00e1gina.<\/span><\/em><\/p>\n<p>Contacta con <a href=\"mailto:cam4_esp@cam4.com\">cam4_esp@cam4.com<\/a> para mayor informaci\u00f3n.<\/p>\n<\/div>\n<p>&nbsp;<\/p>\n","protected":false},"excerpt":{"rendered":"<p><a href=\"https:\/\/es.cam4.com\/blog\/files\/2019\/07\/cam4crosscard-offer_es.jpg\"><\/a> Solicita ahora tu tarjeta prepago CAM4-Crosscard para recibir tus pagos y recibir\u00e1s 250 fichas de regalo. <em>\u00a1Tienes hasta el final de<strong><\/p>\n","protected":false},"author":1,"featured_media":0,"parent":0,"menu_order":0,"comment_status":"open","ping_status":"open","template":"","meta":[],"_links":{"self":[{"href":"https:\/\/es.cam4.com\/blog\/wp-json\/wp\/v2\/pages\/20033"}],"collection":[{"href":"https:\/\/es.cam4.com\/blog\/wp-json\/wp\/v2\/pages"}],"about":[{"href":"https:\/\/es.cam4.com\/blog\/wp-json\/wp\/v2\/types\/page"}],"author":[{"embeddable":true,"href":"https:\/\/es.cam4.com\/blog\/wp-json\/wp\/v2\/users\/1"}],"replies":[{"embeddable":true,"href":"https:\/\/es.cam4.com\/blog\/wp-json\/wp\/v2\/comments?post=20033"}],"version-history":[{"count":0,"href":"https:\/\/es.cam4.com\/blog\/wp-json\/wp\/v2\/pages\/20033\/revisions"}],"wp:attachment":[{"href":"https:\/\/es.cam4.com\/blog\/wp-json\/wp\/v2\/media?parent=20033"}],"curies":[{"name":"wp","href":"https:\/\/api.w.org\/{rel}","templated":true}]}}