{"id":20154,"date":"2019-08-28T12:47:09","date_gmt":"2019-08-28T12:47:09","guid":{"rendered":"https:\/\/es.blogs.cam4.com\/?page_id=20154"},"modified":"2019-08-28T14:29:18","modified_gmt":"2019-08-28T14:29:18","slug":"cam4-crosscard-septiembre","status":"publish","type":"page","link":"https:\/\/es.cam4.com\/blog\/cam4-crosscard-septiembre\/","title":{"rendered":"Solicita tu CAM4-Crosscard en Septiembre y no pagues coste de mantenimiento durante 6 meses * \u00a1Env\u00edo gratuito!"},"content":{"rendered":"<h4 style=\"text-align: center;\"><a href=\"https:\/\/es.cam4.com\/blog\/files\/2019\/08\/offerta-cam4-crosscard-settembre-ES.jpg\"><img loading=\"lazy\" class=\"aligncenter size-full wp-image-20156\" src=\"https:\/\/es.cam4.com\/blog\/files\/2019\/08\/offerta-cam4-crosscard-settembre-ES.jpg\" alt=\"offerta cam4 crosscard settembre ES\" width=\"635\" height=\"315\" srcset=\"https:\/\/es.cam4.com\/blog\/wp-content\/blogs.dir\/4\/files\/2019\/08\/offerta-cam4-crosscard-settembre-ES.jpg 635w, https:\/\/es.cam4.com\/blog\/wp-content\/blogs.dir\/4\/files\/2019\/08\/offerta-cam4-crosscard-settembre-ES-300x149.jpg 300w, https:\/\/es.cam4.com\/blog\/wp-content\/blogs.dir\/4\/files\/2019\/08\/offerta-cam4-crosscard-settembre-ES-600x298.jpg 600w\" sizes=\"(max-width: 635px) 100vw, 635px\" \/><\/a><\/h4>\n<h4 style=\"text-align: center;\"><em>\u00bfA\u00fan no has pedido tu CAM4-Crosscard?<\/em> Este septiembre podr\u00e1s pedirla <span style=\"color: #ff6600;\">sin pagar ning\u00fan coste de mantenimiento durante los primeros 6 meses!* Y adem\u00e1s sin ning\u00fan coste de env\u00edo!<br \/>\n<\/span><\/h4>\n<div class=\"single_text\">\n<div class=\"text-wrap tlid-copy-target\">\n<p><span style=\"color: #000000;\"><strong><br \/>\nCon una CAM4-Crosscard <\/strong><em>(tarjeta prepago del circuito Mastercard)<\/em><strong> podr\u00e1s:<\/strong><\/span><\/p>\n<p style=\"padding-left: 30px;\"><strong><span style=\"color: #000000;\">\u2022 Solicitar tus pagos gratuitos e INSTANT\u00c1NEOS <\/span><span id=\"result_box\" class=\"\" lang=\"fr\"><\/span><\/strong><span id=\"result_box\" class=\"\" lang=\"fr\"><span class=\"\"><span style=\"color: #000000;\">en Euros de tus fichas ganadas en<\/span><\/span><\/span><span style=\"color: #000000;\"><span id=\"result_box\" class=\"\" lang=\"fr\"><span class=\"\"> CAM4<\/span><\/span><span id=\"result_box\" class=\"\" lang=\"fr\"> <\/span><span id=\"result_box\" class=\"\" lang=\"fr\"><span class=\"\"><em>(con el pago m\u00ednimo a partir de 75$)<\/em><\/span><\/span><\/span><strong><span style=\"color: #000000;\"><em><br \/>\n<\/em><\/span><\/strong><\/p>\n<p style=\"padding-left: 30px;\"><span style=\"color: #000000;\"><strong>\u2022 Retirar efectivo en cajeros y hacer c\u00f3modas compras online o en cualquier tienda <\/strong><em>que acepte tarjetas <\/em><em><em>Mastercard.<\/em><\/em><\/span><\/p>\n<p><em>CAM4-CrossCard es un sistema de pago <strong>seguro y fiable<\/strong>, aprobado por la Financial Authority FCA de Reino Unido y en colaboraci\u00f3n con PayPal y Citi Ventures.<br \/>\n<\/em><\/p>\n<p>&nbsp;<\/p>\n<p style=\"text-align: center;\"><span style=\"color: #000000;\">\u00a1No lo pienses m\u00e1s! Tienes hasta el 30 de Septiembre para activar esta oferta. <\/span><\/p>\n<\/div>\n<\/div>\n<div class=\"single_text\">\n<h3 style=\"text-align: center;\"><a href=\"https:\/\/www.cam4support.com\/es\/crosscard\/\" target=\"_blank\">Descubre como solicitar tu CAM4-Crosscard sin ning\u00fan coste durante 6 meses!<\/a><\/h3>\n<\/div>\n<div class=\"single_text\">\n<div class=\"tlid-result-transliteration-container result-transliteration-container transliteration-container\">\n<div class=\"text-wrap tlid-copy-target\">\n<p style=\"text-align: center;\">__________________________________________<\/p>\n<\/div>\n<\/div>\n<\/div>\n<div class=\"single_text\">\n<p><strong><span style=\"color: #ff6600;\">T\u00e9rminos y condiciones*:<\/span><br \/>\n<\/strong><\/p>\n<p><em><span class=\"tlid-translation translation\" lang=\"fr\"><span title=\"\">Promoci\u00f3n reservada a modelos con cuenta verificada &#8211; Residentes en Europa &#8211; que <strong>no hayan utilizado en el pasado CAM4 Crosscard como m\u00e9todo de pago en CAM4, desde ninguna cuenta a su nombre.<\/strong><br \/>\n<\/span><\/span><\/em><\/p>\n<\/div>\n<div class=\"single_text\">\n<p><strong><span style=\"color: #ff6600;\">*Solicitando una CAM4-Crosscard en Settembre ahorrar\u00e1s 2$ al mes durante 6 meses.<br \/>\n<\/span><\/strong>Al finalizar los 6 meses de prueba gratuita, tendr\u00e1s la posibilidad de volver a tu antiguo m\u00e9todo de pago o seguir utilizando CAM4-Crosscard pagando solo 2$ al mes como coste de mantenimento.<\/p>\n<p><em><span class=\"\" title=\"\"><strong>La tarjeta CAM4-Crosscard solo puede ser solicitada desde el Panel de Modelo<\/strong> y se puede usar exclusivamente para retirar el dinero ganado en CAM4.<\/span><\/em><\/p>\n<p><em><span title=\"\">Periodo de validez de la promoci\u00f3n: <strong><span style=\"text-decoration: underline;\">del 1 al 30 de Septiembre de 2019.<\/span><\/strong><\/span><\/em><\/p>\n<p><em><span class=\"\" title=\"\">Crosscard no responder\u00e1 directamente a las solicitudes de activaci\u00f3n de nuevas tarjetas solicitadas desde su propia p\u00e1gina.<\/span><\/em><\/p>\n<p>Para m\u00e1s informaci\u00f3n sobre esta promoci\u00f3n, contacta por email con <a href=\"mailto:cam4_esp@cam4.com\" target=\"_blank\">cam4_esp@cam4.com<\/a><\/p>\n<\/div>\n<p>&nbsp;<\/p>\n","protected":false},"excerpt":{"rendered":"<p><a href=\"https:\/\/es.cam4.com\/blog\/files\/2019\/08\/offerta-cam4-crosscard-settembre-ES.jpg\"><\/a> <em>\u00bfA\u00fan no has pedido tu CAM4-Crosscard?<\/em> Este septiembre podr\u00e1s pedirla sin pagar ning\u00fan coste de mantenimiento durante los primeros 6 meses!*<\/p>\n","protected":false},"author":1,"featured_media":0,"parent":0,"menu_order":0,"comment_status":"open","ping_status":"open","template":"","meta":[],"_links":{"self":[{"href":"https:\/\/es.cam4.com\/blog\/wp-json\/wp\/v2\/pages\/20154"}],"collection":[{"href":"https:\/\/es.cam4.com\/blog\/wp-json\/wp\/v2\/pages"}],"about":[{"href":"https:\/\/es.cam4.com\/blog\/wp-json\/wp\/v2\/types\/page"}],"author":[{"embeddable":true,"href":"https:\/\/es.cam4.com\/blog\/wp-json\/wp\/v2\/users\/1"}],"replies":[{"embeddable":true,"href":"https:\/\/es.cam4.com\/blog\/wp-json\/wp\/v2\/comments?post=20154"}],"version-history":[{"count":0,"href":"https:\/\/es.cam4.com\/blog\/wp-json\/wp\/v2\/pages\/20154\/revisions"}],"wp:attachment":[{"href":"https:\/\/es.cam4.com\/blog\/wp-json\/wp\/v2\/media?parent=20154"}],"curies":[{"name":"wp","href":"https:\/\/api.w.org\/{rel}","templated":true}]}}