{"id":21587,"date":"2020-05-06T10:52:15","date_gmt":"2020-05-06T10:52:15","guid":{"rendered":"https:\/\/es.cam4.com\/blog\/?page_id=21587"},"modified":"2020-05-06T15:15:22","modified_gmt":"2020-05-06T15:15:22","slug":"cam4-toda-la-verdad-sobre-las-alegaciones-de-fallo-de-seguridad","status":"publish","type":"page","link":"https:\/\/es.cam4.com\/blog\/cam4-toda-la-verdad-sobre-las-alegaciones-de-fallo-de-seguridad\/","title":{"rendered":"Cam4: Toda la Verdad sobre las Alegaciones de Fallo de Seguridad"},"content":{"rendered":"\n<p>5\nde Mayo, 2020<\/p>\n\n\n\n<p>Contacto\nde medios: Shannon McDermott, Communications\nManager \n<\/p>\n\n\n\n<p>PARA\nDIFUSI\u00d3N INMEDIATA<\/p>\n\n\n\n<p><strong>Cam4 Responde a las Alegaciones de\nFallo de Seguridad<\/strong><\/p>\n\n\n\n<p>Ayer (lunes 4 de mayo) se publicaron varios art\u00edculos en medios\nde comunicaci\u00f3n informando de un importante fallo de seguridad en la\nplataforma CAM4. CAM4 fue informada originalmente de este fallo por\nSafetyDetectives.com, una comunidad online de expertos de seguridad\nque informan sobre programas de antivirus, eventos y noticias en el\nmundo de la seguridad de datos.<\/p>\n\n\n\n<p>Nuestros desarrolladores y especialistas de seguridad investigaron\ninmediatamente y concluyeron sin lugar a dudas que ninguna\ninformaci\u00f3n de identificaci\u00f3n personal, incluyendo nombres,\ndirecciones, emails, direcciones de IP o datos financieros hab\u00edan\nresultado expuestos o accedidos de forma irregular por personas\najenas a SafetyDetectives y al personal de investigaci\u00f3n de CAM4.<\/p>\n\n\n\n<p>En respuesta a los grandes n\u00fameros anunciados en los medios de\ncomunicaci\u00f3n, es importante aclarar que las cifras reales son mucho\nmenores. En el momento de comprobar lo que realmente parec\u00eda ser una\np\u00e9rdida de datos, el equipo de seguridad de CAM4 verific\u00f3 que los\ndatos pertenecientes a 93 usuarios hab\u00edan resultado accedidos por\nSafetyDetectives. CAM4 ha notificado a todos los usuarios que\ntuvieron actividad durante los 30 d\u00edas de duraci\u00f3n de este suceso,\ny se han tomado los pasos necesarios para proteger sus cuentas. \n<\/p>\n\n\n\n<p>En resumen, no ha habido un fallo de seguridad resultante en\np\u00e9rdida de informaci\u00f3n personal de ning\u00fan servidor de CAM4. La\ninvestigaci\u00f3n interna concluy\u00f3 que no hubo ninguna conexi\u00f3n a los\nservidores de CAM4 despu\u00e9s del fallo del firewall que permiti\u00f3 a\nSafetyDevices acceder a la p\u00e1gina.<\/p>\n\n\n\n<p>CAM4 se toma muy en serio la seguridad de sus datos y de sus\nusuarios, y tiene un equipo de profesionales monitorizando la\nintegridad de la p\u00e1gina a cada momento. CAM4 continuar\u00e1 informando\ndebidamente y est\u00e1 disponible para resolver cualquier duda del\np\u00fablico y de la comunidad CAM4.<\/p>\n\n\n\n<p>Fundada en 2007, CAM4 es una plataforma de video en directo\nganadora de premios con una gran variedad de usuarios y modelos de\ntodo el mundo.<\/p>\n","protected":false},"excerpt":{"rendered":"<p>5 de Mayo, 2020<\/p>\n<p>Contacto de medios: Shannon McDermott, Communications Manager <\/p>\n<p>PARA DIFUSI\u00d3N INMEDIATA<\/p>\n<p><strong>Cam4 Responde a las Alegaciones de Fallo de<\/p>\n","protected":false},"author":1,"featured_media":21592,"parent":0,"menu_order":0,"comment_status":"closed","ping_status":"closed","template":"","meta":[],"_links":{"self":[{"href":"https:\/\/es.cam4.com\/blog\/wp-json\/wp\/v2\/pages\/21587"}],"collection":[{"href":"https:\/\/es.cam4.com\/blog\/wp-json\/wp\/v2\/pages"}],"about":[{"href":"https:\/\/es.cam4.com\/blog\/wp-json\/wp\/v2\/types\/page"}],"author":[{"embeddable":true,"href":"https:\/\/es.cam4.com\/blog\/wp-json\/wp\/v2\/users\/1"}],"replies":[{"embeddable":true,"href":"https:\/\/es.cam4.com\/blog\/wp-json\/wp\/v2\/comments?post=21587"}],"version-history":[{"count":0,"href":"https:\/\/es.cam4.com\/blog\/wp-json\/wp\/v2\/pages\/21587\/revisions"}],"wp:featuredmedia":[{"embeddable":true,"href":"https:\/\/es.cam4.com\/blog\/wp-json\/wp\/v2\/media\/21592"}],"wp:attachment":[{"href":"https:\/\/es.cam4.com\/blog\/wp-json\/wp\/v2\/media?parent=21587"}],"curies":[{"name":"wp","href":"https:\/\/api.w.org\/{rel}","templated":true}]}}