{"id":2189,"date":"2012-07-27T04:46:50","date_gmt":"2012-07-27T04:46:50","guid":{"rendered":"https:\/\/es.blogs.cam4.com\/?page_id=2189"},"modified":"2012-08-06T11:13:51","modified_gmt":"2012-08-06T11:13:51","slug":"concurso-cam4-juego-olimpicos-desnudos-naked-olympics-2012","status":"publish","type":"page","link":"https:\/\/es.cam4.com\/blog\/concurso-cam4-juego-olimpicos-desnudos-naked-olympics-2012\/","title":{"rendered":"Concurso Cam4 Juego Ol\u00edmpicos Desnudos &#8211; Naked Olympics 2012"},"content":{"rendered":"<p style=\"text-align: center\"><img loading=\"lazy\" class=\"aligncenter size-full wp-image-7330\" src=\"https:\/\/blog.cam4.com\/wp-content\/uploads\/2012\/07\/cam4_naked_olympics_blog.png\" alt=\"Juego Ol\u00edmpicos Sexy Desnudos, naked olimpics cam4.com 2012\" width=\"600\" height=\"289\" \/><\/p>\n<p style=\"text-align: justify\">Con todos los ojos apuntando este verano a los Juegos Ol\u00edmpicos 2012 a punto de empezar en Londres en Cam4 tambi\u00e9n hemos pensado participar&#8230;a nuestra manera, como siempre, buscando un tipo diferente de talento de los que todos miraremos en los diferentes deportes. En nuestro juegos ol\u00edmpicos no habr\u00e1 competici\u00f3n como siempre, ser\u00e1 m\u00e1s algo divertido as\u00ed como es la \u201cpeque\u00f1a\u201d comunidad mundial de las webcam y video chat de Cam4. Estamos seguros que hay muchos entre nuestros usuarios que desean mostrar a todo el mundo lo que son capaces de hacer.<\/p>\n<p style=\"text-align: justify\">Os presentamos entonces los <strong>Juegos Ol\u00edmpicos Desnudos de Cam4, Naked Olympics<\/strong>: pod\u00e9is participar en uno de los seis \u201cdeportes\u201d o, mejor dicho, en una de las categor\u00edas o en todas ellas.<\/p>\n<p style=\"text-align: justify\">Los participantes pueden enviar un v\u00eddeo para cualquier categor\u00eda. Si el v\u00eddeo es elegido ser\u00e1 incluido en la colecci\u00f3n de los v\u00eddeos de Cam4 con el nombre usuario, que os llevar\u00e1 seguramente m\u00e1s visitante durante vuestra transmisi\u00f3n para ver el campe\u00f3n de los Juegos Ol\u00edmpicos de Cam4 y&#8230;<strong> \u00a1el ganador de 2500 fichas y un mes gratuito Gold para su cuenta!<\/strong> Vamos a elegir los 10 mejores v\u00eddeos para cada categor\u00eda, participa y divi\u00e9rtete con nosotros y todos tus seguidores y amigos de Cam4.<\/p>\n<hr \/>\n<h2><strong>LOS DEPORTES<\/strong><\/h2>\n<ul>\n<li>\n<p style=\"text-align: justify\"><strong>Meat Spin (hombres, transex)<\/strong>: La traducci\u00f3n ingl\u00e9s es \u201cgirar la carne\u201d, pero no es nada peligroso, m\u00e1s bien muy divertido. Estoy seguro nadie todav\u00eda ha adivinado que puede ser, para explicarlo, pues&#8230;una imagen vale m\u00e1s de mil palabras entonces [<span style=\"text-decoration: underline\"><a href=\"https:\/\/www.wowomg.com\/\" target=\"_blank\">aqu\u00ed hay un v\u00eddeo<\/a><\/span>] que lo explica todo. Tienes un minuto para llevar a cabo la mayor cantidad de vueltas completas con tu \u201cartiller\u00eda\u201d! Por supuesto puedes participar solo o&#8230;en pareja&#8230;como en el video, tu elijes! Jeje<\/p>\n<\/li>\n<li>\n<p style=\"text-align: justify\"><strong>Dick Lifting (para hombres, transex)<\/strong>: levantamiento de pesas pero en este caso no se necesitan horas y horas de entrenamiento en el gimnasio&#8230;tal vez pueden ayudar unas cuantas horas m\u00e1s en la cama. Recuerdo haber visto m\u00e1s de alguien usar moment\u00e1neamente su \u201cgran aparato\u201d como percha para sujetar una toalla&#8230;\u00bferes capaz de levantar\/sujetar alg\u00fan peso tambi\u00e9n? [<span style=\"text-decoration: underline\"><a href=\"https:\/\/www.youtube.com\/watch?v=pLph_AUll20&amp;feature=results_main&amp;playnext=1&amp;list=PL2FA913108757D2E0\" target=\"_blank\">Aqu\u00ed hay un v\u00eddeo: 1 min, 17 sec<\/a><\/span>] de ejemplo, por cierto no requerimos levantes 180 kilos (400 libras) y sobretodo \u00a1NO te hagas da\u00f1o! \u00a1Es solo un juego!<\/p>\n<\/li>\n<li>\n<p style=\"text-align: justify\"><strong>Airsex (hombres, mujeres, parejas, transex)<\/strong>: Tal vez el m\u00e1s simple y el m\u00e1s divertido. \u00bfCu\u00e1ntos han jugado a tocar la guitarra o alg\u00fan otro instrumento&#8230;sin el instrumento? Estoy seguros casi todos en su vida. Intenta entonces grabar un v\u00eddeo teniendo sexo&#8230;sin tener sexo. Puedes hacer cualquier cosa, sexo oral, anal, doble penetraci\u00f3n, gang bang. Haz volar tu imaginaci\u00f3n y mu\u00e9stranos tus mejores posiciones.[<span style=\"text-decoration: underline\"><a href=\"https:\/\/www.youtube.com\/watch?v=dsqIdONrsOA\" target=\"_blank\">Video de ejemplo: 3 min, 7 sec<\/a><\/span>]<\/p>\n<\/li>\n<li>\n<p style=\"text-align: justify\"><strong>Squirt Hurdle (chicas)<\/strong>: Se que no hay muchas pero, chicas \u00bfhasta d\u00f3nde pueden \u201cdisparar\u201d? Mu\u00e9stranos hasta d\u00f3nde puede llegar tu chorro..y no, no hablo de chorros dorados ;)<\/p>\n<\/li>\n<li>\n<p style=\"text-align: justify\"><strong>Pitch &amp; Catch (parejas)<\/strong>: la traducci\u00f3n es disparar y tomar (si lo s\u00e9, somos pervertidos a veces jeje) pero no deber\u00eda ser dif\u00edcil entender \u00bfno? Se juega en pareja, un participante (hombre) \u201cdispara\u201d y el otro participante toma..en la boca. Ser\u00e1n deducidos punto para salpicar el cenicero! :)<\/p>\n<\/li>\n<li>\n<p style=\"text-align: justify\"><strong>Deep Throat (chicas, hombres, transex)<\/strong>: o, mejor dicho, garganta profunda&#8230;y creo no necesitas explicaciones, \u00bfo s\u00ed? \u00bfHasta d\u00f3nde puede llegar en tu boca? Creo sea m\u00e1s para mujeres, pero&#8230;\u00bfqui\u00e9n sabe? Puedes jugar con el pajarito O, si hace falta, con un pl\u00e1tano. En este caso hay dos v\u00eddeos de ejemplos [<span style=\"text-decoration: underline\"><a href=\"https:\/\/www.youtube.com\/watch?v=wAvTziu4qj0\" target=\"_blank\">garganta profunda: 49 sec<\/a><\/span>] y [<a href=\"https:\/\/www.dailymotion.com\/video\/xrq2jc_virtual-pov-957-sunny-leone-tutorial-how-to-give-a-blowjob_sexy\" target=\"_blank\"><span style=\"text-decoration: underline\">el arte del sexo oral: 8 min<\/span><\/a>]. Estamos seguros puedes hacerlo mejor tu.<\/p>\n<\/li>\n<\/ul>\n<hr \/>\n<h2><strong>PARA PARTICIPAR:<\/strong><\/h2>\n<p><strong>OPCI\u00d3N 1:<\/strong><\/p>\n<ol>\n<li>Puedes hacer clic en <span style=\"text-decoration: underline\"><a href=\"https:\/\/www.facebook.com\/pages\/CAM4\/111586265630412?sk=app_217980841658708\" target=\"_blank\">\u201cme gusta\u201d en la pagina facebook oficial de cam4 en ingl\u00e9s<\/a><\/span> y despu\u00e9s en la pesta\u00f1a dedicada a los <span style=\"text-decoration: underline\"><a href=\"https:\/\/www.facebook.com\/pages\/CAM4\/111586265630412?sk=app_217980841658708\" target=\"_blank\">Juegos Ol\u00edmpicos Desnudos (Naked Olympics)<\/a><\/span>.<\/li>\n<li>Ingresa tu nombre usuario de Cam4,tu direcci\u00f3n de correo electr\u00f3nico y la categor\u00eda por la cual quieres participar con tu v\u00eddeo.<\/li>\n<li>Graba tu v\u00eddeo en directo con tu webcam (m\u00e1ximo 5 minutos)<\/li>\n<\/ol>\n<p><strong>-O-<\/strong><\/p>\n<p style=\"text-align: justify\"><strong>OPCI\u00d3N 2:<\/strong> Puedes hacer una o m\u00e1s pruebas grab\u00e1ndolas con tu webcam o una c\u00e1mara digital y enviarnos el v\u00eddeo que m\u00e1s te gusta utilizando este formulario (opci\u00f3n recomendada)<\/p>\n<p style=\"padding-left: 30px\">[contact-form-7 id=&#8221;2188&#8243; title=&#8221;Concurso Juegos Ol\u00edmpicos&#8221;]<\/p>\n<p>&nbsp;<\/p>\n<hr \/>\n<p style=\"text-align: justify\"><em>Los Juegos Ol\u00edmpicos Desnudos de Cam4 (Naked Olympics) se acabar\u00e1n el <del>7 de Agosto 2012<\/del> [ACTUALIZADO] 30 Agosto 2012 as\u00ed que \u00a1empieza ya a grabar y enviar tus v\u00eddeos! Solo los mejores v\u00eddeos ser\u00e1n seleccionados y publicados en el <span style=\"text-decoration: underline\"><a href=\"https:\/\/youtube.com\/watchcam4\" target=\"_blank\">canal youtube de Cam4<\/a><\/span> o en <span style=\"text-decoration: underline\"><a href=\"https:\/\/blog.cam4.com\" target=\"_blank\">el blogs de Cam4.<\/a><\/span>. \u00a1Suerte y pasarlo bien!<\/em><\/p>\n<p style=\"text-align: justify\"><span style=\"text-decoration: underline\"><a href=\"https:\/\/blog.cam4.com\/lang\/en\/2012\/07\/cam4-naked-olympics\/\" target=\"_blank\">Del Blog ingl\u00e9s de Cam4<\/a><\/span><\/p>\n","protected":false},"excerpt":{"rendered":"<p style=\"text-align: center\">\n<p style=\"text-align: justify\">Con todos los ojos apuntando este verano a los Juegos Ol\u00edmpicos 2012 a punto de empezar en Londres<\/p>\n","protected":false},"author":4,"featured_media":2190,"parent":0,"menu_order":0,"comment_status":"open","ping_status":"open","template":"","meta":[],"_links":{"self":[{"href":"https:\/\/es.cam4.com\/blog\/wp-json\/wp\/v2\/pages\/2189"}],"collection":[{"href":"https:\/\/es.cam4.com\/blog\/wp-json\/wp\/v2\/pages"}],"about":[{"href":"https:\/\/es.cam4.com\/blog\/wp-json\/wp\/v2\/types\/page"}],"author":[{"embeddable":true,"href":"https:\/\/es.cam4.com\/blog\/wp-json\/wp\/v2\/users\/4"}],"replies":[{"embeddable":true,"href":"https:\/\/es.cam4.com\/blog\/wp-json\/wp\/v2\/comments?post=2189"}],"version-history":[{"count":0,"href":"https:\/\/es.cam4.com\/blog\/wp-json\/wp\/v2\/pages\/2189\/revisions"}],"wp:featuredmedia":[{"embeddable":true,"href":"https:\/\/es.cam4.com\/blog\/wp-json\/wp\/v2\/media\/2190"}],"wp:attachment":[{"href":"https:\/\/es.cam4.com\/blog\/wp-json\/wp\/v2\/media?parent=2189"}],"curies":[{"name":"wp","href":"https:\/\/api.w.org\/{rel}","templated":true}]}}