{"id":21931,"date":"2020-07-07T14:23:58","date_gmt":"2020-07-07T14:23:58","guid":{"rendered":"https:\/\/es.cam4.com\/blog\/?page_id=21931"},"modified":"2020-07-09T10:11:55","modified_gmt":"2020-07-09T10:11:55","slug":"crosscard-julio-agosto","status":"publish","type":"page","link":"https:\/\/es.cam4.com\/blog\/crosscard-julio-agosto\/","title":{"rendered":"Solicita tu CAM4-Crosscard en Julio o Agosto y no pagues coste de mantenimiento durante 6 meses * \u00a1Env\u00edo gratuito!"},"content":{"rendered":"\n<figure class=\"wp-block-image\"><img loading=\"lazy\" width=\"635\" height=\"315\" src=\"https:\/\/es.cam4.com\/blog\/wp-content\/blogs.dir\/4\/files\/2020\/07\/offerta-cam4-crosscard-april-2020-ES.jpg\" alt=\"\" class=\"wp-image-21955\" srcset=\"https:\/\/es.cam4.com\/blog\/wp-content\/blogs.dir\/4\/files\/2020\/07\/offerta-cam4-crosscard-april-2020-ES.jpg 635w, https:\/\/es.cam4.com\/blog\/wp-content\/blogs.dir\/4\/files\/2020\/07\/offerta-cam4-crosscard-april-2020-ES-300x149.jpg 300w\" sizes=\"(max-width: 635px) 100vw, 635px\" \/><\/figure>\n\n\n\n<p style=\"text-align:center\"><em>\u00bfA\u00fan no has pedido tu CAM4-Crosscard?<\/em> Del 9 de Julio al 31 de Agosto 2020 podr\u00e1s pedirla <span style=\"color: #ff6600;\">sin pagar ning\u00fan coste de mantenimiento durante los primeros 6 meses!* Y adem\u00e1s sin ning\u00fan coste de env\u00edo!<br><\/span><\/p>\n\n\n\n<div class=\"single_text\">\n<div class=\"text-wrap tlid-copy-target\">\n<p><span style=\"color: #000000;\"><strong><br>Con una CAM4-Crosscard <\/strong><em>(tarjeta prepago del circuito Mastercard)<\/em><strong> podr\u00e1s:<\/strong><\/span><\/p>\n<p style=\"padding-left: 30px;\"><strong><span style=\"color: #000000;\">\u2022 Solicitar tus pagos gratuitos e INSTANT\u00c1NEOS <\/span><span id=\"result_box\" class=\"\" lang=\"fr\"><\/span><\/strong><span id=\"result_box\" class=\"\" lang=\"fr\"><span class=\"\"><span style=\"color: #000000;\">en Euros de tus fichas ganadas en<\/span><\/span><\/span><span style=\"color: #000000;\"><span id=\"result_box\" class=\"\" lang=\"fr\"><span class=\"\"> CAM4<\/span><\/span><span id=\"result_box\" class=\"\" lang=\"fr\"> <\/span><span id=\"result_box\" class=\"\" lang=\"fr\"><span class=\"\"><em>(con el pago m\u00ednimo a partir de 75$)<\/em><\/span><\/span><\/span><strong><span style=\"color: #000000;\"><em><br><\/em><\/span><\/strong><\/p>\n<p style=\"padding-left: 30px;\"><span style=\"color: #000000;\"><strong>\u2022 Retirar efectivo en cajeros y hacer c\u00f3modas compras online o en cualquier tienda <\/strong><em>que acepte tarjetas <\/em><em><em>Mastercard.<\/em><\/em><\/span><\/p>\n<p><em>CAM4-CrossCard es un sistema de pago <strong>seguro y fiable<\/strong>, aprobado por la Financial Authority FCA de Reino Unido y en colaboraci\u00f3n con PayPal y Citi Ventures.<br><\/em><\/p>\n<p> <\/p>\n<p style=\"text-align: center;\"><span style=\"color: #000000;\">\u00a1No lo pienses m\u00e1s! Tienes hasta el 31 de Agosto para activar esta oferta. <\/span><\/p>\n<\/div>\n<\/div>\n\n\n\n<div class=\"single_text\">\n<h3 style=\"text-align: center;\"><a href=\"https:\/\/www.cam4support.com\/es\/crosscard\/\" target=\"_blank\" rel=\"noopener noreferrer\">Descubre como solicitar tu CAM4-Crosscard sin ning\u00fan coste durante 6 meses!<\/a><\/h3>\n<\/div>\n\n\n\n<div class=\"single_text\">\n<div class=\"tlid-result-transliteration-container result-transliteration-container transliteration-container\">\n<div class=\"text-wrap tlid-copy-target\">\n<p style=\"text-align: center;\">__________________________________________<\/p>\n<\/div>\n<\/div>\n<\/div>\n\n\n\n<div class=\"single_text\">\n<p><strong><span style=\"color: #ff6600;\">T\u00e9rminos y condiciones*:<\/span><br><\/strong><\/p>\n<p><em><span class=\"tlid-translation translation\" lang=\"fr\"><span title=\"\">Promoci\u00f3n reservada a modelos con cuenta verificada &#8211; Residentes en Europa &#8211; que <strong>no hayan utilizado en el pasado CAM4 Crosscard como m\u00e9todo de pago en CAM4, desde ninguna cuenta a su nombre.<\/strong><br><\/span><\/span><\/em><\/p>\n<\/div>\n\n\n\n<div class=\"single_text\">\n<p><strong><span style=\"color: #ff6600;\">*Solicitando una CAM4-Crosscard en Julio o Agosto ahorrar\u00e1s 2$ al mes durante 6 meses.<br><\/span><\/strong>Al finalizar los 6 meses de prueba gratuita, tendr\u00e1s la posibilidad de volver a tu antiguo m\u00e9todo de pago o seguir utilizando CAM4-Crosscard pagando solo 2$ al mes como coste de mantenimento.<\/p>\n<p><em><span class=\"\" title=\"\"><strong>La tarjeta CAM4-Crosscard solo puede ser solicitada desde el Panel de Modelo<\/strong> y se puede usar exclusivamente para retirar el dinero ganado en CAM4.<\/span><\/em><\/p>\n<p><em><span title=\"\">Periodo de validez de la promoci\u00f3n: <strong><span style=\"text-decoration: underline;\">del 9 de Julio al 31 de Agosto de 2020.<\/span><\/strong><\/span><\/em><\/p>\n<p><em><span class=\"\" title=\"\">Crosscard no responder\u00e1 directamente a las solicitudes de activaci\u00f3n de nuevas tarjetas solicitadas desde su propia p\u00e1gina.<\/span><\/em><\/p>\n<p>NOTA: La tarjeta debe solicitarse directamente desde el Panel de Modelo. No es necesario escribir en el chat o por email para solicitarla.<\/a><\/p>\n<\/div>\n","protected":false},"excerpt":{"rendered":"<p style=\"text-align:center\"><em>\u00bfA\u00fan no has pedido tu CAM4-Crosscard?<\/em> Del 9 de Julio al 31 de Agosto 2020 podr\u00e1s pedirla sin pagar ning\u00fan coste de<\/p>\n","protected":false},"author":1,"featured_media":0,"parent":0,"menu_order":0,"comment_status":"closed","ping_status":"closed","template":"","meta":[],"_links":{"self":[{"href":"https:\/\/es.cam4.com\/blog\/wp-json\/wp\/v2\/pages\/21931"}],"collection":[{"href":"https:\/\/es.cam4.com\/blog\/wp-json\/wp\/v2\/pages"}],"about":[{"href":"https:\/\/es.cam4.com\/blog\/wp-json\/wp\/v2\/types\/page"}],"author":[{"embeddable":true,"href":"https:\/\/es.cam4.com\/blog\/wp-json\/wp\/v2\/users\/1"}],"replies":[{"embeddable":true,"href":"https:\/\/es.cam4.com\/blog\/wp-json\/wp\/v2\/comments?post=21931"}],"version-history":[{"count":0,"href":"https:\/\/es.cam4.com\/blog\/wp-json\/wp\/v2\/pages\/21931\/revisions"}],"wp:attachment":[{"href":"https:\/\/es.cam4.com\/blog\/wp-json\/wp\/v2\/media?parent=21931"}],"curies":[{"name":"wp","href":"https:\/\/api.w.org\/{rel}","templated":true}]}}