{"id":22652,"date":"2020-11-11T15:34:42","date_gmt":"2020-11-11T15:34:42","guid":{"rendered":"https:\/\/es.cam4.com\/blog\/?page_id=22652"},"modified":"2020-11-30T12:02:10","modified_gmt":"2020-11-30T12:02:10","slug":"crosscard-dejara-de-funcionar-el-31-de-diciembre-cam4-te-ofrece-varias-soluciones","status":"publish","type":"page","link":"https:\/\/es.cam4.com\/blog\/crosscard-dejara-de-funcionar-el-31-de-diciembre-cam4-te-ofrece-varias-soluciones\/","title":{"rendered":"Crosscard dejar\u00e1 de funcionar el 31 de diciembre &#8211; Cam4 te ofrece varias soluciones"},"content":{"rendered":"\n<figure class=\"wp-block-image\"><img loading=\"lazy\" width=\"677\" height=\"213\" src=\"https:\/\/es.cam4.com\/blog\/wp-content\/blogs.dir\/4\/files\/2020\/11\/es-banner-1.jpg\" alt=\"\" class=\"wp-image-22655\" srcset=\"https:\/\/es.cam4.com\/blog\/wp-content\/blogs.dir\/4\/files\/2020\/11\/es-banner-1.jpg 677w, https:\/\/es.cam4.com\/blog\/wp-content\/blogs.dir\/4\/files\/2020\/11\/es-banner-1-300x94.jpg 300w\" sizes=\"(max-width: 677px) 100vw, 677px\" \/><\/figure>\n\n\n\n<h4 style=\"text-align:center\">Crosscard dejar\u00e1 de funcionar el 31 de diciembre 2020<\/h4>\n\n\n\n<p>Crosscard nos ha informado de que cesar\u00e1 su actividad con p\u00e1ginas de contenido adulto el 31 de dicembre de 2020.<br><br>Si tienes una cuenta Crosscard, <strong>CAM4 seguir\u00e1 enviando fondos a tu cuenta Crosscard hasta el 7 de diciembre de 2020<\/strong>, y podr\u00e1s <strong>usar los servicios de Crosscard hasta el 31 de diciembre de 2020<\/strong> (como por ejemplo, transferir fondos desde tu crosscard a otra cuenta, o utilizar tu tarjeta en tiendas o cajeros autom\u00e1ticos)<strong> SIN EMBARGO, deber\u00e1s retirar todos los fondos de tu cuenta antes del 31 de diciembre de 2020<\/strong>, cuando tu tarjeta \/ cuenta ser\u00e1n anuladas.<\/p>\n\n\n\n<h4 style=\"text-align:center\"><strong>CAM4 TIENE A TU DISPOSICI\u00d3N OTROS 4 M\u00c9TODOS DE PAGO<\/strong><\/h4>\n\n\n\n<div class=\"wp-block-image\"><figure class=\"alignleft is-resized\"><a href=\"https:\/\/www.cam4.com\/faq\/transferencia-bancaria-en-euros-solo-europa\"><img loading=\"lazy\" src=\"https:\/\/es.cam4.com\/blog\/wp-content\/blogs.dir\/4\/files\/2020\/11\/transferencia_bancaria.jpg\" alt=\"\" class=\"wp-image-22651\" width=\"138\" height=\"69\" srcset=\"https:\/\/es.cam4.com\/blog\/wp-content\/blogs.dir\/4\/files\/2020\/11\/transferencia_bancaria.jpg 400w, https:\/\/es.cam4.com\/blog\/wp-content\/blogs.dir\/4\/files\/2020\/11\/transferencia_bancaria-300x150.jpg 300w\" sizes=\"(max-width: 138px) 100vw, 138px\" \/><\/a><\/figure><\/div>\n\n\n\n<p style=\"text-align:center\"><strong>Transferencias bancarias gratuitas a partir de 100$<\/strong><\/p>\n\n\n\n<p>A partir del 9 de noviembre, <strong>la cantidad m\u00ednima para solicitar una transferencia bancaria ha sido reducida a 100$<\/strong> (unos 80 \u20ac) en lugar de 250$. Esta es la soluci\u00f3n gratuita m\u00e1s sencilla, y es posible realizar<strong> dos solicitudes de transferencia por semana<\/strong>. (las transferencias se aprueban todos los martes y viernes, as\u00ed que deber\u00e1s hacer tu solicitud como muy tarde el lunes o el jueves a las 23.59)<\/p>\n\n\n\n<p style=\"text-align:center\"><\/p>\n\n\n\n<div class=\"wp-block-image\"><figure class=\"alignleft is-resized\"><a href=\"https:\/\/www.cam4.com\/faq\/epayservice\"><img loading=\"lazy\" src=\"https:\/\/www.cam4.fr\/blog\/wp-content\/blogs.dir\/5\/files\/2020\/11\/bg_logo.png\" alt=\"\" class=\"wp-image-32223\" width=\"145\" height=\"45\"\/><\/a><\/figure><\/div>\n\n\n\n<p style=\"text-align:center\"><strong>ePayService<\/strong><br><br>ePayService es un pilar para las tarjetas Mastercard D\u00e9bito. Esta tarjeta es <strong>f\u00e1cil y r\u00e1pida de solicitar y activar, y el m\u00ednimo para solicitar pagos es 50$. <\/strong>Adem\u00e1s la tarjeta est\u00e1 asegurada con un c\u00f3digo de seguridad confidencial que te ser\u00e1 solicitado en cada conexi\u00f3n para evitar problemas, y te garantiza toda la tranquilidad de una tarjeta bancaria.<\/p>\n\n\n\n<p><\/p>\n\n\n\n<p><br><\/p>\n\n\n\n<div class=\"wp-block-image\"><figure class=\"alignleft is-resized\"><a href=\"https:\/\/www.cam4.com\/faq\/paxum\"><img loading=\"lazy\" src=\"https:\/\/www.cam4.fr\/blog\/wp-content\/blogs.dir\/5\/files\/2020\/11\/image_2020_11_11T11_39_57_277Z.png\" alt=\"\" class=\"wp-image-32224\" width=\"170\" height=\"76\"\/><\/a><\/figure><\/div>\n\n\n\n<p style=\"text-align:center\"><strong>Paxum <\/strong><br><br> Puedes <strong>solicitar pagos a tu cuenta Paxum, transferencias a tu cuenta o solicitar una tarjeta prepago Paxum.<\/strong> Para utilizar este m\u00e9todo de pago, crea una cuenta online en cuesti\u00f3n de minutos y podr\u00e1s conectar esta cuenta despu\u00e9s a tu Panel de Modelo.<\/p>\n\n\n\n<p><\/p>\n\n\n\n<p><\/p>\n\n\n\n<div class=\"wp-block-image\"><figure class=\"alignleft is-resized\"><a href=\"https:\/\/www.bitsafe.com\/en\/index.html?lang=en\"><img loading=\"lazy\" src=\"https:\/\/www.cam4.fr\/blog\/wp-content\/blogs.dir\/5\/files\/2020\/11\/Capture.jpg\" alt=\"\" class=\"wp-image-32225\" width=\"184\" height=\"55\"\/><\/a><\/figure><\/div>\n\n\n\n<p style=\"text-align:center\"><strong>Bitsafe : NUEVO modo de pago pr\u00f3ximamente en CAM4<\/strong><br><br> CAM4 a\u00f1adir\u00e1 pr\u00f3ximamente una nueva forma de pago (antes del 6 de diciembre) con BITSAFE.com que ofrece los mismos servicios que Crosscard:<br><strong><em> -Sin comisiones o cantidad m\u00ednima para recibir una tarjeta de d\u00e9bito.<\/em><\/strong><br>&#8211; <strong><em>Sin coste de mantenimiento durante los primeros 6 meses y hasta 2 a\u00f1os una vez se haya enviado fondos a la cuenta.<\/em><\/strong><br><strong><em>&#8211; Transferencias hasta 5000 euros al mes<\/em><\/strong><br><\/p>\n\n\n\n<h3 style=\"text-align:center\"><a href=\"https:\/\/www.cam4.fr\/training\/utilisez-le-tableau-de-bord-webcameurse\/options-de-paiement\"><strong>Para m\u00e1s informaci\u00f3n sobre los m\u00e9todos de pago en CAM4, haz clic aqu\u00ed<\/strong><\/a><\/h3>\n\n\n\n<h4><strong>Preguntas Frecuentes<\/strong><\/h4>\n\n\n\n<p><strong>\u00bfQu\u00e9 pasa con mi dinero en Crosscard despu\u00e9s del 30 de Noviembre?<\/strong><\/p>\n\n\n\n<p>El dinero seguir\u00e1 en tu Crosscard y podr\u00e1s retirarlo de la forma habitual hasta el 31 de Diciembre de 2020.<\/p>\n\n\n\n<p><strong>\u00bfPuedo devolver el dinero desde mi Crosscard a mi cuenta CAM4?<\/strong><\/p>\n\n\n\n<p>No, no es posible hacer esto.<\/p>\n\n\n\n<p><strong>\u00bfA qu\u00e9 m\u00e9todo de pago deber\u00eda cambiar?<\/strong><\/p>\n\n\n\n<p>Cam4 tiene otras opciones de pago muy buenas y pr\u00f3ximamente habr\u00e1 otra nueva opci\u00f3n.<\/p>\n","protected":false},"excerpt":{"rendered":"<p>Crosscard dejar\u00e1 de funcionar el 31 de diciembre 2020 <\/p>\n<p>Crosscard nos ha informado de que cesar\u00e1 su actividad con p\u00e1ginas de contenido adulto<\/p>\n","protected":false},"author":1,"featured_media":0,"parent":0,"menu_order":0,"comment_status":"closed","ping_status":"closed","template":"","meta":[],"_links":{"self":[{"href":"https:\/\/es.cam4.com\/blog\/wp-json\/wp\/v2\/pages\/22652"}],"collection":[{"href":"https:\/\/es.cam4.com\/blog\/wp-json\/wp\/v2\/pages"}],"about":[{"href":"https:\/\/es.cam4.com\/blog\/wp-json\/wp\/v2\/types\/page"}],"author":[{"embeddable":true,"href":"https:\/\/es.cam4.com\/blog\/wp-json\/wp\/v2\/users\/1"}],"replies":[{"embeddable":true,"href":"https:\/\/es.cam4.com\/blog\/wp-json\/wp\/v2\/comments?post=22652"}],"version-history":[{"count":1,"href":"https:\/\/es.cam4.com\/blog\/wp-json\/wp\/v2\/pages\/22652\/revisions"}],"predecessor-version":[{"id":22800,"href":"https:\/\/es.cam4.com\/blog\/wp-json\/wp\/v2\/pages\/22652\/revisions\/22800"}],"wp:attachment":[{"href":"https:\/\/es.cam4.com\/blog\/wp-json\/wp\/v2\/media?parent=22652"}],"curies":[{"name":"wp","href":"https:\/\/api.w.org\/{rel}","templated":true}]}}