{"id":22864,"date":"2020-12-14T18:51:53","date_gmt":"2020-12-14T18:51:53","guid":{"rendered":"https:\/\/es.cam4.com\/blog\/?page_id=22864"},"modified":"2023-09-07T10:07:53","modified_gmt":"2023-09-07T10:07:53","slug":"bitsafe-nuevo-metodo-de-pago-disponible-en-cam4","status":"publish","type":"page","link":"https:\/\/es.cam4.com\/blog\/bitsafe-nuevo-metodo-de-pago-disponible-en-cam4\/","title":{"rendered":"Yoursafe &#8211; Nuevo m\u00e9todo de pago disponible en Cam4!"},"content":{"rendered":"\n<p>Yoursafe (antes Bitsafe) es el r\u00e1pido y fiable m\u00e9todo de pago que ofrece un monedero electr\u00f3nico y una tarjeta de d\u00e9bito recargable y que puedes utilizar en cajeros (para retirar efectivo) y puntos de venta (pago de compras).<\/p>\n\n\n\n<p><strong>Cantidad m\u00ednima para solicitar pagos:<\/strong> <strong>$50<\/strong><br><strong>Env\u00edo de pagos desde CAM4:<\/strong> A diario y gratuito<br><br><strong>Coste de retirada de efectivo en cajeros en Euros:<\/strong> \u20ac2<br><strong>Coste de pagos a cuentas bancarias europeas (EUR SEPA):<\/strong> <strong>\u20ac0.75<\/strong><br><br><br><strong><span class=\"has-inline-color has-luminous-vivid-orange-color\">PROMOCI\u00d3N Exclusiva CAM4*<\/span><\/strong><\/p>\n\n\n\n<p>Solicita la tarjeta Yoursafe-Mastercard directamente desde el Panel de Modelo CAM4 y <strong>NO PAGAR\u00c1S NING\u00daN COSTE DE MANTENIMIENTO<\/strong> hasta el 31 de Diciembre de 2023!<br>Sigue los pasos explicados debajo<\/p>\n\n\n\n<p>Despu\u00e9s de esa fecha, el coste de mantenimiento de tu tarjeta ser\u00e1 de 29.50\u20ac al a\u00f1o.<\/p>\n\n\n\n<div class=\"wp-block-image\"><figure class=\"aligncenter size-full\"><a href=\"https:\/\/es.cam4.com\/blog\/wp-content\/blogs.dir\/4\/files\/2022\/04\/bitsafepromo3.jpg\"><img loading=\"lazy\" width=\"519\" height=\"541\" src=\"https:\/\/es.cam4.com\/blog\/wp-content\/blogs.dir\/4\/files\/2022\/04\/bitsafepromo3.jpg\" alt=\"\" class=\"wp-image-25205\" srcset=\"https:\/\/es.cam4.com\/blog\/wp-content\/blogs.dir\/4\/files\/2022\/04\/bitsafepromo3.jpg 519w, https:\/\/es.cam4.com\/blog\/wp-content\/blogs.dir\/4\/files\/2022\/04\/bitsafepromo3-288x300.jpg 288w\" sizes=\"(max-width: 519px) 100vw, 519px\" \/><\/a><\/figure><\/div>\n\n\n\n<p><span class=\"has-inline-color has-luminous-vivid-orange-color\">*<\/span><em><span class=\"has-inline-color has-black-color\">Para aprovechar la Promoci\u00f3n CAM4, PRIMERO <strong>escribe tu nombre y apellidos <\/strong>del titular de la nueva cuenta Yoursafe (el titular debe haber subido sus documentos antes en el Panel de Modelo), y una vez hayas escrito el nombre y apellidos<strong> haz clic en el mensaje que aparece abajo<\/strong> del todo &#8220;Haz clic aqu\u00ed para registrarte y conseguir una nueva tarjeta Yoursafe&#8221;<\/span><\/em> (Si no lo haces de esta forma la promoci\u00f3n no se activar\u00e1)<\/p>\n\n\n\n<figure class=\"wp-block-image size-full\"><a href=\"https:\/\/es.cam4.com\/blog\/wp-content\/blogs.dir\/4\/files\/2023\/03\/yoursafe-register.jpg\"><img loading=\"lazy\" width=\"947\" height=\"597\" src=\"https:\/\/es.cam4.com\/blog\/wp-content\/blogs.dir\/4\/files\/2023\/03\/yoursafe-register.jpg\" alt=\"\" class=\"wp-image-26488\" srcset=\"https:\/\/es.cam4.com\/blog\/wp-content\/blogs.dir\/4\/files\/2023\/03\/yoursafe-register.jpg 947w, https:\/\/es.cam4.com\/blog\/wp-content\/blogs.dir\/4\/files\/2023\/03\/yoursafe-register-300x189.jpg 300w, https:\/\/es.cam4.com\/blog\/wp-content\/blogs.dir\/4\/files\/2023\/03\/yoursafe-register-768x484.jpg 768w\" sizes=\"(max-width: 947px) 100vw, 947px\" \/><\/a><\/figure>\n\n\n\n<p><strong>NOTA:<\/strong> a partir de Septiembre 2023 Yoursafe est\u00e1 teniendo retrasos en la emisi\u00f3n de nuevas tarjetas. El tiempo de espera puede ser superior al indicado aqu\u00ed. Si quieres solicitar un pago con urgencia te aconsejamos optar por el momento por un m\u00e9todo de pago diferente.<\/p>\n\n\n\n<h2>I. <strong><span class=\"has-inline-color has-luminous-vivid-orange-color\">CREACI\u00d3N DE LA CUENTA YOURSAFE desde el Panel de Modelo CAM4<\/span><\/strong><\/h2>\n\n\n\n<p>Despu\u00e9s de insertar tu nombre y apellidos en el Panel de Modelo CAM4 y hacer clic en el <strong>enlace para solicitar una nueva tarjeta Yoursafe<\/strong>, se abrir\u00e1 una ventana en la p\u00e1gina de Yoursafe.com para que puedas crear tu cuenta a trav\u00e9s de CAM4.<br><\/p>\n\n\n\n<figure class=\"wp-block-image is-resized size-large\"><img loading=\"lazy\" src=\"https:\/\/it.cam4.com\/blog\/wp-content\/blogs.dir\/3\/files\/2020\/12\/register-1024x615.png\" alt=\"\" class=\"wp-image-37976\" width=\"600\" height=\"360\"\/><\/figure>\n\n\n\n<p>Introduce todos los datos necesarios (nombre, n\u00famero de tel\u00e9fono m\u00f3vil, direcci\u00f3n de correo electr\u00f3nico, etc&#8230;) Verifica la direcci\u00f3n de correo proporcionada y <strong>verifica el correo electr\u00f3nico de activaci\u00f3n<\/strong> haciendo clic en el enlace en la parte inferior del correo electr\u00f3nico que recibir\u00e1s.<\/p>\n\n\n\n<figure class=\"wp-block-image size-large\"><img src=\"https:\/\/it.cam4.com\/blog\/wp-content\/blogs.dir\/3\/files\/2020\/12\/confirmation-email-bitsafe-EN-in-your-mail-box-1024x633.jpg\" alt=\"\" class=\"wp-image-37977\"\/><\/figure>\n\n\n\n<figure class=\"wp-block-image size-large\"><img src=\"https:\/\/it.cam4.com\/blog\/wp-content\/blogs.dir\/3\/files\/2020\/12\/confirmation-after-email-going-to-the-app.jpg\" alt=\"\" class=\"wp-image-37980\"\/><\/figure>\n\n\n\n<p><br><\/p>\n\n\n\n<p><br>Ahora descarga la <strong>app BitSafe <\/strong>disponible para <em><strong>Android<\/strong><\/em> y <em><strong>iOS<\/strong><\/em> (iPhone). <\/p>\n\n\n\n<figure class=\"wp-block-image is-resized size-large\"><img loading=\"lazy\" src=\"https:\/\/it.cam4.com\/blog\/wp-content\/blogs.dir\/3\/files\/2020\/12\/bitsafe-app-941x1024.png\" alt=\"\" class=\"wp-image-37979\" width=\"540\" height=\"588\"\/><\/figure>\n\n\n\n<p><strong>Escan\u00e9a el c\u00f3digo QR<\/strong> recibido para asociar tu cuenta web con la aplicaci\u00f3n y autorizarla. Elije una contrase\u00f1a de seguridad para acceder a la app (no olvides esta contrase\u00f1a!!!)<\/p>\n\n\n\n<h2>II. <span class=\"has-inline-color has-luminous-vivid-orange-color\"><strong>VERIFICA TU CUENTA en YourSafe.com y en la App<\/strong> para solicitar la tarjeta<em> <\/em><\/span><\/h2>\n\n\n\n<p><strong>Desde la p\u00e1gina web Yoursafe.com<\/strong> <em>(desde el ordenador, no desde la app)<\/em> podr\u00e1s ahora solicitar una tarjeta de d\u00e9bito Yoursafe haciendo clic en <strong><em>Apply Now<\/em><\/strong>. <\/p>\n\n\n\n<figure class=\"wp-block-image is-resized size-large\"><img loading=\"lazy\" src=\"https:\/\/it.cam4.com\/blog\/wp-content\/blogs.dir\/3\/files\/2020\/12\/apply.jpg\" alt=\"\" class=\"wp-image-37970\" width=\"639\" height=\"197\"\/><\/figure>\n\n\n\n<p>I. <strong>Confirma tus datos y la direcci\u00f3n para el envio de la tarjeta<\/strong><br><\/p>\n\n\n\n<p>II. <strong>Elige un n\u00famero<\/strong> <strong>PIN de 4 cifras para tu tarjeta Yoursafe.<\/strong> Y memoriza bien ese n\u00famero PIN!<\/p>\n\n\n\n<figure class=\"wp-block-image is-resized size-large\"><img loading=\"lazy\" src=\"https:\/\/it.cam4.com\/blog\/wp-content\/blogs.dir\/3\/files\/2020\/12\/pin.jpg\" alt=\"\" class=\"wp-image-37971\" width=\"647\" height=\"238\"\/><\/figure>\n\n\n\n<p>III. <strong>Para finalizar la solicitud, introduce el c\u00f3digo de verificaci\u00f3n de 6 cifras enviado por SMS a tu tel\u00e9fono m\u00f3vil.<\/strong><\/p>\n\n\n\n<figure class=\"wp-block-image is-resized size-large\"><img loading=\"lazy\" src=\"https:\/\/it.cam4.com\/blog\/wp-content\/blogs.dir\/3\/files\/2020\/12\/codice-conferma.jpg\" alt=\"\" class=\"wp-image-37973\" width=\"660\" height=\"231\"\/><\/figure>\n\n\n\n<p><span class=\"has-inline-color has-luminous-vivid-orange-color\"><em><strong>AHORA<\/strong><\/em> <strong><em>VERIFICA LA DIRECCI\u00d3N en YourSafe.com <\/em><\/strong><\/span><br>Despu\u00e9s de haber solicitado la tarjeta Yoursafe desde tu cuenta web <strong>deber\u00e1s cargar una foto o un escan\u00e9o bien legible de una factura <\/strong><em>(por ej del gas, la luz, internet..)<\/em> que muestre el nombre y apellidos del titular, y la direcci\u00f3n <strong><em> (S\u00fabelo haciendo clic en Upload Utility Bill)<\/em><\/strong>.<br><\/p>\n\n\n\n<p><span class=\"has-inline-color has-luminous-vivid-orange-color\"><em><strong>AHORA<\/strong><\/em> <em><strong>VERIFICA LA IDENTIDAD a trav\u00e9s de la APP<\/strong><\/em><\/span><br>Para la <strong>verificaci\u00f3n de la identidad<\/strong>, ser\u00e1 necesario cargar una foto de tu <strong>documento de identidad v\u00e1lido a trav\u00e9s de la app<\/strong>, y despu\u00e9s <strong>escanear tu rostro<\/strong> a trav\u00e9s de la c\u00e1mara de tu tel\u00e9fono para el reconocimiento facial. <em>Recuerda hacer movimientos circulares de tu rostro siguiendo las instrucciones en pantalla, puede que sea necesario repetir la operaci\u00f3n. Te recomendamos hacer esto con buena iluminaci\u00f3n.<\/em><\/p>\n\n\n\n<p>Una vez hayas terminado los 2 procesos de verificaci\u00f3n, <strong>recibir\u00e1s un email con la confirmaci\u00f3n de la aprobaci\u00f3n de tu cuenta.<\/strong><br><br><span class=\"has-inline-color has-luminous-vivid-orange-color\">NOTA.<strong> Si has solicitado la tarjeta a trav\u00e9s de tu Panel de Modelo <\/strong><em>(insertando tu nombre y haciendo clic en el enlace para la solicitud)<\/em> <strong>NO DEBER\u00c1S PAGAR EL COSTE ANUAL para la activaci\u00f3n de la cuenta<\/strong> <\/span><em>(salvo en caso de que la promoci\u00f3n Cam4  haya terminado). <\/em><br><br>Espera el correo electr\u00f3nico de confirmaci\u00f3n del env\u00edo de la tarjeta, y una vez hayas recibido tu tarjeta Yoursafe podr\u00e1s enviar a ella los fondos disponibles en tu cuenta CAM4. El tiempo de env\u00edo y recepci\u00f3n de la tarjeta es de unos <strong>7-14 d\u00edas laborales<\/strong>.<\/p>\n\n\n\n<p>En caso de problemas con la aprobaci\u00f3n o de no recibir tu tarjeta, o si solicitaste tu tarjeta con anterioridad y necesitas eliminar la tarifa de coste de mantenimiento, contacta con el  <strong>soporte Yoursafe: <\/strong><a href=\"mailto:support@yoursafe.com\">support@yoursafe.com<\/a><\/p>\n","protected":false},"excerpt":{"rendered":"<p>Yoursafe (antes Bitsafe) es el r\u00e1pido y fiable m\u00e9todo de pago que ofrece un monedero electr\u00f3nico y una tarjeta de d\u00e9bito recargable y<\/p>\n","protected":false},"author":1,"featured_media":0,"parent":0,"menu_order":0,"comment_status":"closed","ping_status":"closed","template":"","meta":[],"_links":{"self":[{"href":"https:\/\/es.cam4.com\/blog\/wp-json\/wp\/v2\/pages\/22864"}],"collection":[{"href":"https:\/\/es.cam4.com\/blog\/wp-json\/wp\/v2\/pages"}],"about":[{"href":"https:\/\/es.cam4.com\/blog\/wp-json\/wp\/v2\/types\/page"}],"author":[{"embeddable":true,"href":"https:\/\/es.cam4.com\/blog\/wp-json\/wp\/v2\/users\/1"}],"replies":[{"embeddable":true,"href":"https:\/\/es.cam4.com\/blog\/wp-json\/wp\/v2\/comments?post=22864"}],"version-history":[{"count":9,"href":"https:\/\/es.cam4.com\/blog\/wp-json\/wp\/v2\/pages\/22864\/revisions"}],"predecessor-version":[{"id":27417,"href":"https:\/\/es.cam4.com\/blog\/wp-json\/wp\/v2\/pages\/22864\/revisions\/27417"}],"wp:attachment":[{"href":"https:\/\/es.cam4.com\/blog\/wp-json\/wp\/v2\/media?parent=22864"}],"curies":[{"name":"wp","href":"https:\/\/api.w.org\/{rel}","templated":true}]}}