{"id":23229,"date":"2021-02-16T19:25:14","date_gmt":"2021-02-16T19:25:14","guid":{"rendered":"https:\/\/es.cam4.com\/blog\/?page_id=23229"},"modified":"2021-03-23T17:48:03","modified_gmt":"2021-03-23T17:48:03","slug":"transmitir-con-splitcam-encoder-tutorial-cam4","status":"publish","type":"page","link":"https:\/\/es.cam4.com\/blog\/transmitir-con-splitcam-encoder-tutorial-cam4\/","title":{"rendered":"Transmitir con SplitCam Encoder &#8211; Tutorial CAM4"},"content":{"rendered":"\n<figure class=\"wp-block-image\"><img loading=\"lazy\" width=\"1024\" height=\"397\" src=\"https:\/\/es.cam4.com\/blog\/wp-content\/blogs.dir\/4\/files\/2021\/02\/splitcam-guida-1024x397.jpg\" alt=\"\" class=\"wp-image-23230\" srcset=\"https:\/\/es.cam4.com\/blog\/wp-content\/blogs.dir\/4\/files\/2021\/02\/splitcam-guida-1024x397.jpg 1024w, https:\/\/es.cam4.com\/blog\/wp-content\/blogs.dir\/4\/files\/2021\/02\/splitcam-guida-300x116.jpg 300w, https:\/\/es.cam4.com\/blog\/wp-content\/blogs.dir\/4\/files\/2021\/02\/splitcam-guida-768x298.jpg 768w, https:\/\/es.cam4.com\/blog\/wp-content\/blogs.dir\/4\/files\/2021\/02\/splitcam-guida.jpg 1194w\" sizes=\"(max-width: 1024px) 100vw, 1024px\" \/><\/figure>\n\n\n\n<p>Los Encoder de video (codificadores) son programas externos a CAM4 (<em>como SplitCam, OBS y ManyCam)<\/em> que puedes instalar en tu PC y utilizar para transmitir en directo en CAM4. <br><br>Estas son algunas de las ventajas de transmitir con un encoder:<br>&#8211; <strong>mayor calidad de video<\/strong> y estabilidad de conexi\u00f3n <br>&#8211; <strong>a\u00f1adir texto, im\u00e1genes y videos<\/strong> a tus transmisiones<br>&#8211;<strong> a\u00f1adir animaciones <\/strong>a los juegos y sex toys conectados <em>(por ej. Lovense)<\/em><br><br><strong>Splitcam<\/strong> es uno de los codificadores m\u00e1s sencillos de usar y te ofrece una   <strong>interfaz intuitiva<\/strong> y una <strong>configuraci\u00f3n r\u00e1pida<\/strong>. Permite adem\u00e1s, una <strong><em>mayor integraci\u00f3n con los juguetes de marca Lovense<\/em><\/strong>.<br><\/p>\n\n\n\n<h4 style=\"text-align:center\"><strong>VIDEO TUTORIAL COMO INSTALAR Y USAR SPLITCAM EN CAM4<\/strong><br><\/h4>\n\n\n\n<figure class=\"wp-block-video\"><video controls src=\"blob:https:\/\/es.cam4.com\/e48f3692-deea-415f-93bd-98b446e001aa\"><\/video><\/figure>\n\n\n\n<h4 class=\"has-pale-cyan-blue-background-color has-background\">&#8211; <strong>TUTORIAL<\/strong>: Instalaci\u00f3n, transmisi\u00f3n en CAM4 y <em> Lovense ToolKit<\/em><\/h4>\n\n\n\n<p><\/p>\n\n\n\n<hr class=\"wp-block-separator\"\/>\n\n\n\n<div class=\"wp-block-group has-pale-cyan-blue-background-color has-background\"><div class=\"wp-block-group__inner-container\"><\/div><\/div>\n\n\n\n<ul><li><strong>Descarga Splitcam<\/strong> (Windows\/ MacOs)<br> Puedes descargarlo de la p\u00e1gina oficial <a rel=\"noreferrer noopener\" href=\"https:\/\/splitcam.com\/\" target=\"_blank\">Splitcam.com<\/a> o haciendo <a rel=\"noreferrer noopener\" href=\"https:\/\/splitcam.com\/download\" target=\"_blank\"><em>clic aqu\u00ed<\/em><\/a>.<br><\/li><\/ul>\n\n\n\n<figure class=\"wp-block-image size-large\"><a href=\"https:\/\/splitcam.com\/download\" target=\"_blank\" rel=\"noopener noreferrer\"><img src=\"https:\/\/it.cam4.com\/blog\/wp-content\/blogs.dir\/3\/files\/2021\/02\/download-splitcam-1024x190.jpg\" alt=\"\" class=\"wp-image-38574\"\/><\/a><\/figure>\n\n\n\n<p><\/p>\n\n\n\n<ul><li>Al finalizar la instalaci\u00f3n se abrir\u00e1 Splitcam con su interfaz de transmisi\u00f3n.<\/li><\/ul>\n\n\n\n<div class=\"wp-block-image size-large\"><figure class=\"aligncenter\"><img src=\"https:\/\/it.cam4.com\/blog\/wp-content\/blogs.dir\/3\/files\/2021\/02\/overall.jpg\" alt=\"\" class=\"wp-image-38575\"\/><\/figure><\/div>\n\n\n\n<ul><li><strong> Input Video (Webcam):<\/strong><br>si NO ves tu video (pantalla negra) deber\u00e1s simplemente a\u00f1adir la fuente de tu video (tu webcam) haciendo clic en el bot\u00f3n + junto a <strong>MEDIA LAYERS<\/strong>, clic en <em><strong>Webcam<\/strong><\/em> arriba, y entonces darle acceso a la webcam que vas a utilizar.<br><\/li><\/ul>\n\n\n\n<div class=\"wp-block-image size-large\"><figure class=\"aligncenter is-resized\"><img loading=\"lazy\" src=\"https:\/\/it.cam4.com\/blog\/wp-content\/blogs.dir\/3\/files\/2021\/02\/add-webcam.jpg\" alt=\"\" class=\"wp-image-38577\" width=\"447\" height=\"200\"\/><\/figure><\/div>\n\n\n\n<ul><li><strong>Input Audio (Microfono):<\/strong><br>Para gestionar el audio del micr\u00f3fono haz clic en + junto a <strong>AUDIO MIXER<\/strong> abajo, y asocia el micr\u00f3fono que vas a utilizar <em>(Add Audio).<\/em><br><\/li><\/ul>\n\n\n\n<div class=\"wp-block-image size-large\"><figure class=\"aligncenter is-resized\"><img loading=\"lazy\" src=\"https:\/\/it.cam4.com\/blog\/wp-content\/blogs.dir\/3\/files\/2021\/02\/add-audio.jpg\" alt=\"\" class=\"wp-image-38578\" width=\"466\" height=\"271\"\/><\/figure><\/div>\n\n\n\n<ul><li><strong>Input Canal y Clave de Stream CAM4:<\/strong><br>Antes de Transmitir en CAm4 deber\u00e1s <strong>asociar el canal de streaming <\/strong>para permitir a Splitcam transmitir en CAm4 a trav\u00e9s de tu clave de streaming.<br><br>Arriba a la derecha haz clic en <strong>Stream Setting<\/strong>, despu\u00e9s en <strong>Add Channel<\/strong> y selecciona el canal <strong>CAM4<\/strong>.<\/li><\/ul>\n\n\n\n<div class=\"wp-block-image size-large\"><figure class=\"aligncenter is-resized\"><img loading=\"lazy\" src=\"https:\/\/it.cam4.com\/blog\/wp-content\/blogs.dir\/3\/files\/2021\/02\/select-a-channel.jpg\" alt=\"\" class=\"wp-image-38580\" width=\"332\" height=\"280\"\/><\/figure><\/div>\n\n\n\n<ul><li> En las opciones del canal, podr\u00e1s personalizar el nombre y <strong>deber\u00e1s introducir tu CLAVE DE STREAM personal CAM4<\/strong>.<br><br>Puedes encontrar tu clave de stream al abrir tu ventana de transmisi\u00f3n. <strong>Ve a CAM4.com<\/strong> e inicia sesi\u00f3n, despu\u00e9s haz clic en  <strong>Transmiti<\/strong>r y selecciona arriba la pesta\u00f1a <strong>CODIFICADOR EXTERNO<\/strong>.<br><\/li><\/ul>\n\n\n\n<figure class=\"wp-block-image\"><img loading=\"lazy\" width=\"1024\" height=\"425\" src=\"https:\/\/es.cam4.com\/blog\/wp-content\/blogs.dir\/4\/files\/2021\/02\/stream-key-1024x425.jpg\" alt=\"\" class=\"wp-image-23233\" srcset=\"https:\/\/es.cam4.com\/blog\/wp-content\/blogs.dir\/4\/files\/2021\/02\/stream-key-1024x425.jpg 1024w, https:\/\/es.cam4.com\/blog\/wp-content\/blogs.dir\/4\/files\/2021\/02\/stream-key-300x125.jpg 300w, https:\/\/es.cam4.com\/blog\/wp-content\/blogs.dir\/4\/files\/2021\/02\/stream-key-768x319.jpg 768w, https:\/\/es.cam4.com\/blog\/wp-content\/blogs.dir\/4\/files\/2021\/02\/stream-key.jpg 1125w\" sizes=\"(max-width: 1024px) 100vw, 1024px\" \/><\/figure>\n\n\n\n<ul><li>Haz clic en<strong> <em>Obtener clave de stream<\/em><\/strong> y copia la clave de stream (nota: la clave de stream es personal y privada, no la compartas con nadie!) <br>Ahora solo tienes que <strong>pegarla<\/strong> en SplitCam en el campo <strong>STREAM KEY.<\/strong><\/li><\/ul>\n\n\n\n<div class=\"wp-block-image size-large\"><figure class=\"aligncenter is-resized\"><img loading=\"lazy\" src=\"https:\/\/it.cam4.com\/blog\/wp-content\/blogs.dir\/3\/files\/2021\/02\/stream-key.jpg\" alt=\"\" class=\"wp-image-38584\" width=\"358\" height=\"368\"\/><\/figure><\/div>\n\n\n\n<ul><li>Te aconsejamos dejar seleccionada la configuraci\u00f3n recomendada por el programa (<em>Recommended Preset<\/em>) y hacer clic en <strong>Save and Close.<\/strong><br><em>Si m\u00e1s tarde tienes problemas durante tu transmisi\u00f3n en CAM4 podr\u00e1s cambiarlas y personalizarlas (Select Preset).<\/em><br><br><br><\/li><\/ul>\n\n\n\n<h4 class=\"has-pale-cyan-blue-background-color has-background\"><strong>2. Transmitir con Splitcam en CAM4<\/strong><\/h4>\n\n\n\n<p>Una vez instalado y configurado el programa Splitcam ya podr\u00e1s empezar a transmitir tu streaming en CAM4 a trav\u00e9s de tu clave de streaming.<\/p>\n\n\n\n<ul><li>Para enviar tu audio\/video para transmitir en CAM4 haz clic en el bot\u00f3n <strong>GO LIVE<\/strong> en Splitcam.<\/li><\/ul>\n\n\n\n<div class=\"wp-block-image size-large\"><figure class=\"aligncenter is-resized\"><img loading=\"lazy\" src=\"https:\/\/it.cam4.com\/blog\/wp-content\/blogs.dir\/3\/files\/2021\/02\/go-live.jpg\" alt=\"\" class=\"wp-image-38588\" width=\"420\" height=\"115\"\/><\/figure><\/div>\n\n\n\n<ul><li>Vuelve a tu ventana de tramisi\u00f3n de CAM4 y verifica que tu audio y video est\u00e9n presentes y la calidad de imagen es buena. Nota: es posible que haya retraso de algunos segundos en la transmisi\u00f3n, pero esto no deber\u00eda afectar a tu show.<\/li><\/ul>\n\n\n\n<div class=\"wp-block-image size-large\"><figure class=\"aligncenter\"><img src=\"https:\/\/it.cam4.com\/blog\/wp-content\/blogs.dir\/3\/files\/2021\/02\/finestra-trasmissione-splitcam.jpg\" alt=\"\" class=\"wp-image-38590\"\/><\/figure><\/div>\n\n\n\n<ul><li>Para empezar el show en CAM4, finalmente, haz clic en <strong>Iniciar Transmisi\u00f3n<\/strong>.<\/li><\/ul>\n\n\n\n<p><\/p>\n\n\n\n<h4 class=\"has-pale-cyan-blue-background-color has-background\"><strong>3. Conectar Lovense a SplitCam<\/strong><\/h4>\n\n\n\n<p>Puedes asociar tu juguete Lovense<em> (Lush, Hush ect..)<\/em> a SplitCam para a\u00f1adir animaciones e im\u00e1genes reactivas a las propinas.<br><\/p>\n\n\n\n<ul><li>Descarga el paquete <strong>Lovense ToolKit <\/strong>de la p\u00e1gina oficial de <a rel=\"noreferrer noopener\" href=\"https:\/\/it.lovense.com\/cam-model\/download\" target=\"_blank\"> Lovense<\/a>.<br><em>(nota, de momento solo disponible para Windows)<\/em><br><\/li><\/ul>\n\n\n\n<div class=\"wp-block-image\"><figure class=\"aligncenter size-large is-resized\"><a href=\"https:\/\/it.lovense.com\/cam-model\/download\" target=\"_blank\" rel=\"noopener noreferrer\"><img loading=\"lazy\" src=\"https:\/\/it.cam4.com\/blog\/wp-content\/blogs.dir\/3\/files\/2021\/02\/lovense-splitcam.jpg\" alt=\"\" class=\"wp-image-38593\" width=\"300\" height=\"424\"\/><\/a><\/figure><\/div>\n\n\n\n<ul><li>Una vez descargado el <em>Toolset<\/em>, abre Splitcam y haz clic en el + junto a  <strong>Media Layer<\/strong>. En el men\u00fa aparecer\u00e1 el plugin <strong><em>Lovense Video Feedback<\/em><\/strong>. Selecci\u00f3nalo para habilitarlo en tus Media Layer.<br><\/li><\/ul>\n\n\n\n<div class=\"wp-block-image\"><figure class=\"aligncenter size-large is-resized\"><img loading=\"lazy\" src=\"https:\/\/it.cam4.com\/blog\/wp-content\/blogs.dir\/3\/files\/2021\/02\/video-layer.jpg\" alt=\"\" class=\"wp-image-38594\" width=\"357\" height=\"420\"\/><\/figure><\/div>\n\n\n\n<ul><li>Durante la transmisi\u00f3n en CAM4 deber\u00e1s ver el icono del plug-in Lovense <em>(recuerda que deber\u00e1s habilitar la extensi\u00f3n Lovense en tu navegador, lee abajo como descargar la extensi\u00f3n*)<\/em>. <\/li><\/ul>\n\n\n\n<div class=\"wp-block-image size-large\"><figure class=\"aligncenter is-resized\"><img loading=\"lazy\" src=\"https:\/\/it.cam4.com\/blog\/wp-content\/blogs.dir\/3\/files\/2021\/02\/test-tip.jpg\" alt=\"\" class=\"wp-image-38595\" width=\"505\" height=\"259\"\/><\/figure><\/div>\n\n\n\n<ul><li>Haz una prueba para verificar que el plug-in est\u00e1 habilitado, y que tu Lovense responde correctamente a las propinas recibidas.<\/li><\/ul>\n\n\n\n<figure class=\"wp-block-image size-large\"><img src=\"https:\/\/it.cam4.com\/blog\/wp-content\/blogs.dir\/3\/files\/2021\/02\/sent-tip-lovense.jpg\" alt=\"\" class=\"wp-image-38596\"\/><\/figure>\n\n\n\n<p><em>*Si no dispones de la <strong>extensi\u00f3n Lovense (versi\u00f3n 30.1.4 o superior)<\/strong><\/em>,<em> puedes descargarla de la p\u00e1gina oficial de <a rel=\"noreferrer noopener\" href=\"https:\/\/it.lovense.com\/cam-model\/download\" target=\"_blank\">Lovense<\/a>. Podr\u00e1s tambi\u00e9n descargar el navegador oficial y otros packs Lovense compatibles con diferentes codificadores.<\/em><\/p>\n\n\n\n<figure class=\"wp-block-image size-large\"><a href=\"https:\/\/it.lovense.com\/cam-model\/download\" target=\"_blank\" rel=\"noopener noreferrer\"><img src=\"https:\/\/it.cam4.com\/blog\/wp-content\/blogs.dir\/3\/files\/2021\/02\/lovense-download-1024x432.jpg\" alt=\"\" class=\"wp-image-38599\"\/><\/a><\/figure>\n\n\n\n<p><\/p>\n\n\n\n<p><strong>ENLACES \u00daTILES:<\/strong><br><br>Descarga Lovense ToolKit: <a rel=\"noreferrer noopener\" href=\"https:\/\/it.lovense.com\/cam-model\/download\" target=\"_blank\">lovense.com\/cam-model\/download<\/a><br>Descarga Splitcam: <a rel=\"noreferrer noopener\" href=\"https:\/\/splitcam.com\/download\" target=\"_blank\">splitcam.com\/download<\/a><br><br><strong>FAQ &#8211; CAM4:<\/strong><br><br><a rel=\"noreferrer noopener\" aria-label=\" (opens in a new tab)\" href=\"https:\/\/www.cam4.com\/faq\/guia-de-obs\" target=\"_blank\">GUIA del Codificador OBS<\/a><br><br><a href=\"https:\/\/www.cam4.com\/faq\/streaming-2-0-problemas-y-soluciones\" target=\"_blank\" rel=\"noreferrer noopener\" aria-label=\" (opens in a new tab)\">Transmisi\u00f3n regular  Streaming 2.0 &#8211; Problemas y Soluciones<\/a><\/p>\n","protected":false},"excerpt":{"rendered":"<p>Los Encoder de video (codificadores) son programas externos a CAM4 (<em>como SplitCam, OBS y ManyCam)<\/em> que puedes instalar en tu PC y utilizar<\/p>\n","protected":false},"author":1,"featured_media":0,"parent":0,"menu_order":0,"comment_status":"closed","ping_status":"closed","template":"","meta":[],"_links":{"self":[{"href":"https:\/\/es.cam4.com\/blog\/wp-json\/wp\/v2\/pages\/23229"}],"collection":[{"href":"https:\/\/es.cam4.com\/blog\/wp-json\/wp\/v2\/pages"}],"about":[{"href":"https:\/\/es.cam4.com\/blog\/wp-json\/wp\/v2\/types\/page"}],"author":[{"embeddable":true,"href":"https:\/\/es.cam4.com\/blog\/wp-json\/wp\/v2\/users\/1"}],"replies":[{"embeddable":true,"href":"https:\/\/es.cam4.com\/blog\/wp-json\/wp\/v2\/comments?post=23229"}],"version-history":[{"count":8,"href":"https:\/\/es.cam4.com\/blog\/wp-json\/wp\/v2\/pages\/23229\/revisions"}],"predecessor-version":[{"id":23429,"href":"https:\/\/es.cam4.com\/blog\/wp-json\/wp\/v2\/pages\/23229\/revisions\/23429"}],"wp:attachment":[{"href":"https:\/\/es.cam4.com\/blog\/wp-json\/wp\/v2\/media?parent=23229"}],"curies":[{"name":"wp","href":"https:\/\/api.w.org\/{rel}","templated":true}]}}