{"id":25581,"date":"2022-07-27T13:27:49","date_gmt":"2022-07-27T13:27:49","guid":{"rendered":"https:\/\/es.cam4.com\/blog\/?page_id=25581"},"modified":"2022-07-27T13:27:53","modified_gmt":"2022-07-27T13:27:53","slug":"cam2cam-vuelve-a-cam4-pasa-al-siguiente-nivel-con-los-shows-privados-mas-intimos","status":"publish","type":"page","link":"https:\/\/es.cam4.com\/blog\/cam2cam-vuelve-a-cam4-pasa-al-siguiente-nivel-con-los-shows-privados-mas-intimos\/","title":{"rendered":"Cam2Cam vuelve a Cam4! Pasa al siguiente nivel con los Shows Privados m\u00e1s \u00edntimos&#8230;"},"content":{"rendered":"\n<p class=\"has-text-align-center\">Tras un tiempo en fase de mejoras, y por demanda popular, por fin podemos anunciar que <strong><a href=\"https:\/\/www.cam4.com\/tags\/all\/c2c\" target=\"_blank\" rel=\"noreferrer noopener\">Cam2Cam <\/a><\/strong>est\u00e1 de vuelta en Cam4!<\/p>\n\n\n\n<p class=\"has-text-align-center\">Con esta opci\u00f3n, los shows privados con tus modelos favorit@s pasan a otro nivel&#8230; ya que ambos pod\u00e9is veros con la webcam! As\u00ed es, tanto si t\u00fa tambi\u00e9n tienes un lado exhibicionista, como si est\u00e1s deseando intimar de verdad con la chica o chico de tus sue\u00f1os, ahora podr\u00e1s pasar a privado y tener toda una <strong>experiencia \u00edmtima e interactiva a tiempo real<\/strong>, con audio y video en directo y solo entre vosotros. \u00a1La verdadera experiencia porno webcam est\u00e1 aqu\u00ed!<\/p>\n\n\n\n<p class=\"has-text-align-center\">Para solicitar un <a href=\"https:\/\/www.cam4.com\/tags\/all\/c2c\" data-type=\"URL\" data-id=\"https:\/\/www.cam4.com\/tags\/all\/c2c\" target=\"_blank\" rel=\"noreferrer noopener\">Privado Cam2Cam<\/a> solo tienes que seguir estos pasos:<\/p>\n\n\n\n<p class=\"has-text-align-center\">Haz clic en el bot\u00f3n de <strong>&#8220;Ir a Privado&#8221;<\/strong><\/p>\n\n\n\n<div class=\"wp-block-image\"><figure class=\"aligncenter size-full\"><a href=\"https:\/\/es.cam4.com\/blog\/wp-content\/blogs.dir\/4\/files\/2022\/07\/privad.jpg\"><img loading=\"lazy\" width=\"129\" height=\"61\" src=\"https:\/\/es.cam4.com\/blog\/wp-content\/blogs.dir\/4\/files\/2022\/07\/privad.jpg\" alt=\"\" class=\"wp-image-25576\"\/><\/a><\/figure><\/div>\n\n\n\n<p class=\"has-text-align-center\">En la siguiente pantalla, verifica los ajustes de tu c\u00e1mara y micr\u00f3fono y haz clic en<strong> &#8220;Enviar Solicitud&#8221;<\/strong><\/p>\n\n\n\n<div class=\"wp-block-image\"><figure class=\"aligncenter size-full\"><a href=\"https:\/\/es.cam4.com\/blog\/wp-content\/blogs.dir\/4\/files\/2022\/07\/c2c-req.jpg\"><img loading=\"lazy\" width=\"513\" height=\"451\" src=\"https:\/\/es.cam4.com\/blog\/wp-content\/blogs.dir\/4\/files\/2022\/07\/c2c-req.jpg\" alt=\"\" class=\"wp-image-25577\" srcset=\"https:\/\/es.cam4.com\/blog\/wp-content\/blogs.dir\/4\/files\/2022\/07\/c2c-req.jpg 513w, https:\/\/es.cam4.com\/blog\/wp-content\/blogs.dir\/4\/files\/2022\/07\/c2c-req-300x264.jpg 300w\" sizes=\"(max-width: 513px) 100vw, 513px\" \/><\/a><\/figure><\/div>\n\n\n\n<p class=\"has-text-align-center\">\u00a1Espera a que la modelo acepte la Solicitud y empieza a disfrutar!<\/p>\n\n\n\n<p class=\"has-text-align-center\">Aseg\u00farate de tener fichas suficientes para el show, y tambi\u00e9n de que la modelo tiene activada la opci\u00f3n de Cam2Cam y de que marcas la opci\u00f3n al solicitar el show. <\/p>\n\n\n\n<h3 class=\"has-text-align-center\">\u00bfEst\u00e1s listo para pasar a los shows privados 2.0?<\/h3>\n\n\n\n<p class=\"has-text-align-center\"><a class=\"xl\" href=\"https:\/\/www.cam4.com\/\">\u00a1Prueba Cam2Cam Ahora!<\/a><\/p>\n\n\n\n<h3 class=\"has-text-align-center\"><span style=\"color: #000000;\">S\u00edguenos en Twitter <span style=\"color: #0000ff;\"><a style=\"color: #0000ff;\" rel=\"noopener noreferrer\" href=\"https:\/\/twitter.com\/Cam4_ES\" target=\"_blank\">@cam4_ES<\/a> y<\/span> <span style=\"color: #0000ff;\"><a style=\"color: #0000ff;\" rel=\"noopener noreferrer\" href=\"https:\/\/twitter.com\/Cam4_gayES\" target=\"_blank\"><span style=\"color: #ff0000;\">@C<\/span><span style=\"color: #ff6600;\">a<\/span><span style=\"color: #ff00ff;\"><span style=\"color: #ff6600;\">m<\/span><span style=\"color: #ffcc00;\">4<\/span><\/span><span style=\"color: #800080;\">_<\/span><span style=\"color: #ff6600;\"><span style=\"color: #008000;\">gay<span style=\"color: #3366ff;\">ES<\/span><\/span><\/span><\/a><\/span> para todas las novedades y fotos CAM4!<\/span><\/h3>\n","protected":false},"excerpt":{"rendered":"<p class=\"has-text-align-center\">Tras un tiempo en fase de mejoras, y por demanda popular, por fin podemos anunciar que <strong><a href=\"https:\/\/www.cam4.com\/tags\/all\/c2c\" target=\"_blank\" rel=\"noreferrer noopener\">Cam2Cam <\/a><\/strong>est\u00e1<\/p>\n","protected":false},"author":1,"featured_media":25582,"parent":0,"menu_order":0,"comment_status":"closed","ping_status":"closed","template":"","meta":[],"_links":{"self":[{"href":"https:\/\/es.cam4.com\/blog\/wp-json\/wp\/v2\/pages\/25581"}],"collection":[{"href":"https:\/\/es.cam4.com\/blog\/wp-json\/wp\/v2\/pages"}],"about":[{"href":"https:\/\/es.cam4.com\/blog\/wp-json\/wp\/v2\/types\/page"}],"author":[{"embeddable":true,"href":"https:\/\/es.cam4.com\/blog\/wp-json\/wp\/v2\/users\/1"}],"replies":[{"embeddable":true,"href":"https:\/\/es.cam4.com\/blog\/wp-json\/wp\/v2\/comments?post=25581"}],"version-history":[{"count":1,"href":"https:\/\/es.cam4.com\/blog\/wp-json\/wp\/v2\/pages\/25581\/revisions"}],"predecessor-version":[{"id":25583,"href":"https:\/\/es.cam4.com\/blog\/wp-json\/wp\/v2\/pages\/25581\/revisions\/25583"}],"wp:featuredmedia":[{"embeddable":true,"href":"https:\/\/es.cam4.com\/blog\/wp-json\/wp\/v2\/media\/25582"}],"wp:attachment":[{"href":"https:\/\/es.cam4.com\/blog\/wp-json\/wp\/v2\/media?parent=25581"}],"curies":[{"name":"wp","href":"https:\/\/api.w.org\/{rel}","templated":true}]}}