{"id":27348,"date":"2023-08-31T11:07:15","date_gmt":"2023-08-31T11:07:15","guid":{"rendered":"https:\/\/es.cam4.com\/blog\/?page_id=27348"},"modified":"2023-09-22T09:41:35","modified_gmt":"2023-09-22T09:41:35","slug":"naked-uncut-gana-una-experiencia-para-creadores-en-estonia","status":"publish","type":"page","link":"https:\/\/es.cam4.com\/blog\/naked-uncut-gana-una-experiencia-para-creadores-en-estonia\/","title":{"rendered":"Naked &#038; Uncut: Gana una experiencia para creadoras en Estonia"},"content":{"rendered":"\n<figure class=\"wp-block-image size-large\"><img loading=\"lazy\" width=\"1024\" height=\"576\" src=\"https:\/\/es.cam4.com\/blog\/wp-content\/blogs.dir\/4\/files\/2023\/09\/Contest-2-Estonia-ES-1024x576.png\" alt=\"\" class=\"wp-image-27477\" srcset=\"https:\/\/es.cam4.com\/blog\/wp-content\/blogs.dir\/4\/files\/2023\/09\/Contest-2-Estonia-ES-1024x576.png 1024w, https:\/\/es.cam4.com\/blog\/wp-content\/blogs.dir\/4\/files\/2023\/09\/Contest-2-Estonia-ES-300x169.png 300w, https:\/\/es.cam4.com\/blog\/wp-content\/blogs.dir\/4\/files\/2023\/09\/Contest-2-Estonia-ES-768x432.png 768w, https:\/\/es.cam4.com\/blog\/wp-content\/blogs.dir\/4\/files\/2023\/09\/Contest-2-Estonia-ES-1536x864.png 1536w, https:\/\/es.cam4.com\/blog\/wp-content\/blogs.dir\/4\/files\/2023\/09\/Contest-2-Estonia-ES.png 1600w\" sizes=\"(max-width: 1024px) 100vw, 1024px\" \/><\/figure>\n\n\n\n<p><strong>NAKED &amp; UNCUT, CAM4 y Tempted<\/strong> se unen para invitar a todas las <strong>camgirls<\/strong> europeas a visitar Tallin (<strong>Estonia<\/strong>) para vivir juntas una experiencia para chicas webcam en la que podr\u00e1n colaborar con otras creadoras para <strong>crear contenido<\/strong> er\u00f3tico para redes sociales y p\u00e1ginas adultas!<\/p>\n\n\n\n<p><strong>\u00bfD\u00d3NDE Y CU\u00c1NDO?<br><\/strong><\/p>\n\n\n\n<p>Del <strong>21 al de 25 octubre<\/strong>, <strong>CAM4, Naked News<\/strong> y <strong>Tempted <\/strong>estar\u00e1n retransmitiendo en directo desde las instalaciones de <a href=\"https:\/\/warehouse-x.io\/about\">warehouse_x<\/a><\/p>\n\n\n\n<p>Tendr\u00e1s la oportunidad de <strong>transmitir<\/strong> todos los d\u00edas y <strong>participar en actividades<\/strong> con otras artistas webcam en un lugar lleno de espacios recreativos. Esta ubicaci\u00f3n, perfectamente adaptada para este evento, incluye salas de retransmisi\u00f3n, billar, \u00e1rea de yoga, jacuzzis y varios photocalls estrat\u00e9gicos.<\/p>\n\n\n\n<figure class=\"wp-block-image size-large\"><img loading=\"lazy\" width=\"1024\" height=\"478\" src=\"https:\/\/es.cam4.com\/blog\/wp-content\/blogs.dir\/4\/files\/2023\/09\/IMG_20230905_191820_612-1024x478.jpg\" alt=\"\" class=\"wp-image-27390\" srcset=\"https:\/\/es.cam4.com\/blog\/wp-content\/blogs.dir\/4\/files\/2023\/09\/IMG_20230905_191820_612-1024x478.jpg 1024w, https:\/\/es.cam4.com\/blog\/wp-content\/blogs.dir\/4\/files\/2023\/09\/IMG_20230905_191820_612-300x140.jpg 300w, https:\/\/es.cam4.com\/blog\/wp-content\/blogs.dir\/4\/files\/2023\/09\/IMG_20230905_191820_612-768x359.jpg 768w, https:\/\/es.cam4.com\/blog\/wp-content\/blogs.dir\/4\/files\/2023\/09\/IMG_20230905_191820_612-1536x717.jpg 1536w, https:\/\/es.cam4.com\/blog\/wp-content\/blogs.dir\/4\/files\/2023\/09\/IMG_20230905_191820_612-2048x956.jpg 2048w\" sizes=\"(max-width: 1024px) 100vw, 1024px\" \/><\/figure>\n\n\n\n<figure class=\"wp-block-image size-large\"><img loading=\"lazy\" width=\"1024\" height=\"604\" src=\"https:\/\/es.cam4.com\/blog\/wp-content\/blogs.dir\/4\/files\/2023\/09\/IMG_20230905_192152_561-1024x604.jpg\" alt=\"\" class=\"wp-image-27391\" srcset=\"https:\/\/es.cam4.com\/blog\/wp-content\/blogs.dir\/4\/files\/2023\/09\/IMG_20230905_192152_561-1024x604.jpg 1024w, https:\/\/es.cam4.com\/blog\/wp-content\/blogs.dir\/4\/files\/2023\/09\/IMG_20230905_192152_561-300x177.jpg 300w, https:\/\/es.cam4.com\/blog\/wp-content\/blogs.dir\/4\/files\/2023\/09\/IMG_20230905_192152_561-768x453.jpg 768w, https:\/\/es.cam4.com\/blog\/wp-content\/blogs.dir\/4\/files\/2023\/09\/IMG_20230905_192152_561-1536x906.jpg 1536w, https:\/\/es.cam4.com\/blog\/wp-content\/blogs.dir\/4\/files\/2023\/09\/IMG_20230905_192152_561-2048x1209.jpg 2048w\" sizes=\"(max-width: 1024px) 100vw, 1024px\" \/><\/figure>\n\n\n\n<p>Las ganadoras tendr\u00e1n la oportunidad de <strong>colaborar con otras chicas webcam y llegar a una nueva audiencia<\/strong> de espectadores en vivo desde este espacio durante los 5 d\u00edas del evento. Como siempre, tendr\u00e1s contigo a tus fans ya que la experiencia en vivo ser\u00e1 retransmitida en Cam4 y Tempted.<\/p>\n\n\n\n<p>La experiencia incluye:<br>&#8211; Viaje a Tallin con todos los gastos pagados<br>&#8211; Vuelos y alojamiento incluidos<br>&#8211; Comidas incluidas<br>&#8211; Cena exclusiva para participantes<br>&#8211; Colaboraci\u00f3n con otras creadoras de contenido<br>&#8211; Exposici\u00f3n en Nakednews.com<br>&#8211; Nuevo tr\u00e1fico y seguidores de warehouse-x<\/p>\n\n\n\n<figure class=\"wp-block-image size-full\"><img loading=\"lazy\" width=\"1024\" height=\"683\" src=\"https:\/\/es.cam4.com\/blog\/wp-content\/blogs.dir\/4\/files\/2023\/09\/Aerial-view-old-town-Tallinn-Estonia_XL.jpg\" alt=\"\" class=\"wp-image-27395\" srcset=\"https:\/\/es.cam4.com\/blog\/wp-content\/blogs.dir\/4\/files\/2023\/09\/Aerial-view-old-town-Tallinn-Estonia_XL.jpg 1024w, https:\/\/es.cam4.com\/blog\/wp-content\/blogs.dir\/4\/files\/2023\/09\/Aerial-view-old-town-Tallinn-Estonia_XL-300x200.jpg 300w, https:\/\/es.cam4.com\/blog\/wp-content\/blogs.dir\/4\/files\/2023\/09\/Aerial-view-old-town-Tallinn-Estonia_XL-768x512.jpg 768w\" sizes=\"(max-width: 1024px) 100vw, 1024px\" \/><\/figure>\n\n\n\n<h2><strong>\u00a1El concurso comienza el 1 de Septiembre!<\/strong><\/h2>\n\n\n\n<p><strong>FASE 1<br><\/strong><br><strong> Fechas: Del 1 al 10 de Septiembre 2023<\/strong><br>C\u00f3mo participar:<\/p>\n\n\n\n<p>1. Visita la CUENTA de TWITTER <a href=\"https:\/\/twitter.com\/Cam4_Es\">@Cam4_ES <\/a>&nbsp; y <strong>haz LIKE y COMPARTE<\/strong> la publicaci\u00f3n del concurso.<\/p>\n\n\n\n<p>2. Inscr\u00edbete al concurso completando el siguiente formulario (no olvides hacer clic en Enviar\/Submit al final):<iframe loading=\"lazy\" src=\"https:\/\/docs.google.com\/forms\/d\/e\/1FAIpQLSdYqruV7itGO28EA-eWVmm_kMFCYpX_MzPVxSZqbwbO0Cssrg\/viewform?embedded=true\" width=\"640\" height=\"1186\" frameborder=\"0\" marginwidth=\"0\" marginheight=\"0\">Loading\u2026<\/iframe><strong>FASE 2<\/strong><\/p>\n\n\n\n<p><strong>Fechas: Del 11 al 17 de septiembre 2023<\/strong><\/p>\n\n\n\n<p>C\u00f3mo participar:<\/p>\n\n\n\n<p>1. Crea un <strong>video SFW<\/strong> <strong>corto y divertido<\/strong> (hasta 60 segundos) en el que muestres tu estilo y personalidad y comp\u00e1rtelo en tus redes sociales.<\/p>\n\n\n\n<p>2. Etiqueta en la publicaci\u00f3n a las cuentas <a href=\"https:\/\/twitter.com\/Cam4_ES\">@Cam4_ES <\/a><a href=\"https:\/\/twitter.com\/temptedfans\">@temptedfans<\/a> <a href=\"https:\/\/twitter.com\/nakednews\">@nakednews<\/a> <a href=\"https:\/\/twitter.com\/warehouse_x\">@warehouse_x<\/a><br>Los videos pueden estar en cualquier formato, \u00a1pero intenta usar toda tu creatividad!.<\/p>\n\n\n\n<p><strong>FASE 3<\/strong><br><strong> Fechas:&nbsp; Del 18 al 24 de septiembre 2023<\/strong><br>C\u00f3mo participar:<\/p>\n\n\n\n<p>Las participantes deben mostrar que saben c\u00f3mo crear contenido. Para este paso debes mostrarnos la influencia que tienes en tu audiencia.<\/p>\n\n\n\n<p>Utiliza tus mejores estrategias de promoci\u00f3n para conseguir UNO de estos objetivos<\/p>\n\n\n\n<p>a) El mayor n\u00famero de espectadores conectados a tu show<br>b) El mayor n\u00famero de seguidores en tu cuenta de Twitter<br>c) El mayor n\u00famero de &#8220;likes&#8221; en tu post de twitter relacionado con el concurso.<\/p>\n\n\n\n<p>\u00a1No olvides hacer like en el post de Twitter de <a href=\"https:\/\/twitter.com\/Cam4_Es\">@Cam4_ES <\/a>de esta semana!<\/p>\n\n\n\n<p>Las ganadoras se anunciar\u00e1n antes del 27 de septiembre a las 23:59 (hora de NY).<\/p>\n\n\n\n<p class=\"has-text-align-center\"><strong>Visita esta p\u00e1gina cada semana para encontrar una lista actualizada de las participantes que han sido admitidas en el concurso.<br><\/strong><\/p>\n\n\n\n<p><strong>REQUISITOS PARA PARTICIPAR:<br><\/strong><\/p>\n\n\n\n<p>Concurso reservado a modelos de <strong>g\u00e9nero femenino.<\/strong><br>Las participantes deben tener una cuenta p\u00fablica en <strong>Twitter<\/strong><br>Las participantes deben tener un perfil verificado y p\u00fablico en <strong>CAM4 Y <a rel=\"noreferrer noopener\" href=\"https:\/\/www.tempted.com\/\" target=\"_blank\">Tempted<\/a><\/strong><a rel=\"noreferrer noopener\" href=\"https:\/\/www.tempted.com\/\" target=\"_blank\"> (Crea aqu\u00ed tu cuenta)<\/a>. Tu perfil deber\u00e1 estar vinculado al perfil de Cam4. (puede crearse en cualquier momento antes del evento)<br>Las participantes deben <strong>mostrar la cara<\/strong> en su contenido (sin m\u00e1scaras, etc) y aceptar que su contenido sea p\u00fablico.<br>Las participantes deben sentirse c\u00f3modas estando desnudas con otras personas.<br>Las participantes deben estar ubicadas en una de las siguientes regiones (FR IT ES DE RO UA) &#8211; Solo residentes en Europa<br>Las participantes no deben tener antecedentes penales por ning\u00fan delito de naturaleza sexual o violenta.<br>Las participantes deben tener un pasaporte o documento de identidad v\u00e1lido para viajar, y disponibilidad para hacerlo en las fechas del evento.<\/p>\n\n\n\n<p><em>Ten en cuenta que si ganas una plaza para participar, Cam4 te apoyar\u00e1 totalmente y cubrir\u00e1 tus gastos durante el evento. Todo lo que suceda en <a href=\"https:\/\/warehouse-x.io\/about\">Warehouse-x<\/a> podr\u00e1 ser utilizado con fines publicitarios por CAM4, Tempted, Warehouse-x y Naked &amp; Uncut.<\/em><\/p>\n\n\n\n<figure class=\"wp-block-image size-large\"><a href=\"https:\/\/es.cam4.com\/blog\/wp-content\/blogs.dir\/4\/files\/2023\/08\/Contest-1-Estonia-ES2.png\"><img loading=\"lazy\" width=\"1024\" height=\"576\" src=\"https:\/\/es.cam4.com\/blog\/wp-content\/blogs.dir\/4\/files\/2023\/08\/Contest-1-Estonia-ES2-1024x576.png\" alt=\"\" class=\"wp-image-27365\" srcset=\"https:\/\/es.cam4.com\/blog\/wp-content\/blogs.dir\/4\/files\/2023\/08\/Contest-1-Estonia-ES2-1024x576.png 1024w, https:\/\/es.cam4.com\/blog\/wp-content\/blogs.dir\/4\/files\/2023\/08\/Contest-1-Estonia-ES2-300x169.png 300w, https:\/\/es.cam4.com\/blog\/wp-content\/blogs.dir\/4\/files\/2023\/08\/Contest-1-Estonia-ES2-768x432.png 768w, https:\/\/es.cam4.com\/blog\/wp-content\/blogs.dir\/4\/files\/2023\/08\/Contest-1-Estonia-ES2-1536x864.png 1536w, https:\/\/es.cam4.com\/blog\/wp-content\/blogs.dir\/4\/files\/2023\/08\/Contest-1-Estonia-ES2.png 1600w\" sizes=\"(max-width: 1024px) 100vw, 1024px\" \/><\/a><\/figure>\n","protected":false},"excerpt":{"rendered":"<p><strong>NAKED &amp; UNCUT, CAM4 y Tempted<\/strong> se unen para invitar a todas las <strong>camgirls<\/strong> europeas a visitar Tallin (<strong>Estonia<\/strong>) para vivir juntas una<\/p>\n","protected":false},"author":1,"featured_media":0,"parent":0,"menu_order":0,"comment_status":"closed","ping_status":"closed","template":"","meta":[],"_links":{"self":[{"href":"https:\/\/es.cam4.com\/blog\/wp-json\/wp\/v2\/pages\/27348"}],"collection":[{"href":"https:\/\/es.cam4.com\/blog\/wp-json\/wp\/v2\/pages"}],"about":[{"href":"https:\/\/es.cam4.com\/blog\/wp-json\/wp\/v2\/types\/page"}],"author":[{"embeddable":true,"href":"https:\/\/es.cam4.com\/blog\/wp-json\/wp\/v2\/users\/1"}],"replies":[{"embeddable":true,"href":"https:\/\/es.cam4.com\/blog\/wp-json\/wp\/v2\/comments?post=27348"}],"version-history":[{"count":16,"href":"https:\/\/es.cam4.com\/blog\/wp-json\/wp\/v2\/pages\/27348\/revisions"}],"predecessor-version":[{"id":27534,"href":"https:\/\/es.cam4.com\/blog\/wp-json\/wp\/v2\/pages\/27348\/revisions\/27534"}],"wp:attachment":[{"href":"https:\/\/es.cam4.com\/blog\/wp-json\/wp\/v2\/media?parent=27348"}],"curies":[{"name":"wp","href":"https:\/\/api.w.org\/{rel}","templated":true}]}}