{"id":2828,"date":"2013-03-15T18:49:13","date_gmt":"2013-03-15T18:49:13","guid":{"rendered":"https:\/\/es.blogs.cam4.com\/?page_id=2828"},"modified":"2013-04-22T19:05:00","modified_gmt":"2013-04-22T19:05:00","slug":"cam4-movil","status":"publish","type":"page","link":"https:\/\/es.cam4.com\/blog\/cam4-movil\/","title":{"rendered":"Cam4 M\u00f3vil"},"content":{"rendered":"<link href=\"https:\/\/es.cam4.com\/blog\/wp-content\/themes\/mobilestyles.css\" rel=\"stylesheet\" type=\"text\/css\" \/>\n<div class=\"topWrap\">\n<div class=\"new\">NUEVO<\/div>\n<div class=\"contentWrap\">\n<div class=\"youtubeVideo\"><div id=\"kgvid_kgvid_0_wrapper\" class=\"kgvid_wrapper kgvid_wrapper_inline kgvid_wrapper_inline_left\">\n\t\t\t<div id=\"video_kgvid_0_div\" class=\"fitvidsignore kgvid_videodiv\" data-id=\"kgvid_0\" data-kgvid_video_vars=\"{&quot;id&quot;:&quot;kgvid_0&quot;,&quot;attachment_id&quot;:0,&quot;player_type&quot;:&quot;Video.js v8&quot;,&quot;width&quot;:&quot;525&quot;,&quot;height&quot;:&quot;350&quot;,&quot;fullwidth&quot;:&quot;false&quot;,&quot;fixed_aspect&quot;:&quot;false&quot;,&quot;countable&quot;:false,&quot;count_views&quot;:&quot;quarters&quot;,&quot;start&quot;:&quot;&quot;,&quot;autoplay&quot;:&quot;true&quot;,&quot;pauseothervideos&quot;:&quot;false&quot;,&quot;set_volume&quot;:1,&quot;muted&quot;:&quot;false&quot;,&quot;meta&quot;:false,&quot;endofvideooverlay&quot;:&quot;&quot;,&quot;resize&quot;:&quot;true&quot;,&quot;auto_res&quot;:&quot;automatic&quot;,&quot;pixel_ratio&quot;:&quot;true&quot;,&quot;right_click&quot;:&quot;on&quot;,&quot;playback_rate&quot;:&quot;false&quot;,&quot;title&quot;:&quot;newmobile.mov&quot;,&quot;skip_buttons&quot;:[],&quot;nativecontrolsfortouch&quot;:&quot;true&quot;,&quot;locale&quot;:&quot;en&quot;,&quot;enable_resolutions_plugin&quot;:false}\" itemprop=\"video\" itemscope itemtype=\"https:\/\/schema.org\/VideoObject\"><meta itemprop=\"embedUrl\" content=\"https:\/\/blog.cam4.com\/wp-content\/uploads\/2013\/03\/newmobile.mov\"><meta itemprop=\"contentUrl\" content=\"https:\/\/blog.cam4.com\/wp-content\/uploads\/2013\/03\/newmobile.mov\"><meta itemprop=\"name\" content=\"newmobile.mov\"><meta itemprop=\"description\" content=\"Video\"><meta itemprop=\"uploadDate\" content=\"2013-03-15T18:49:13+00:00\">\n\t\t\t\t<video id=\"video_kgvid_0\" playsinline autoplay controls preload=\"metadata\" width=\"525\" height=\"350\" class=\"fitvidsignore video-js kg-video-js-skin\">\n\t\t\t\t\t<source src=\"https:\/\/blog.cam4.com\/wp-content\/uploads\/2013\/03\/newmobile.mov?id=0\" type=\"video\/mp4\" data-res=\"Full\">\n\t\t\t\t<\/video>\n\t\t\t<\/div>\n\t\t<\/div>\n<\/div>\n<div class=\"logoetc\">\n<h1 class=\"subHead\">\u00a1Mira CAM4 en tu m\u00f3vil!<\/h1>\n<ul class=\"dates\">\n<li class=\"can\"><span>Disponible Ahora<strong> Todo El Mundo<\/strong><\/span><\/li>\n<li class=\"us\"><span>Disponible Ahora<strong> S\u00f3lo Miembros<\/strong><\/span><\/li>\n<li class=\"eu\"><span>Disponible <strong>S\u00f3lo Miembros<\/strong><\/span><\/li>\n<li class=\"globe\"><span>Disponible <strong>S\u00f3lo Miembros<\/strong><\/span><\/li>\n<\/ul>\n<\/div>\n<h3>Puedes ver las transmisiones de webcam en directo, chatear con picard\u00eda en el chat, quedar por mensaje privados \u2013 hacerlo todo c\u00f3modamente desde t\u00fa m\u00f3vil.<\/h3>\n<table cellpadding=\"4\" align=\"center\">\n<tbody>\n<tr>\n<td>\u00a1Mira espect\u00e1culos en vivo en cualquier lugar!<\/td>\n<td>Enviar Mensajes en Cam4<\/td>\n<\/tr>\n<tr>\n<td>Gestionar Amigos y Favoritos<\/td>\n<td>Ver fotos y perfil de los usuarios<\/td>\n<\/tr>\n<tr>\n<td>)= Usar AirPlay para ver las webcam en tu Apple TV (solo iPhone)<\/td>\n<\/tr>\n<\/tbody>\n<\/table>\n<\/div>\n<\/div>\n<div class=\"contentWrap\">\n<div class=\"platform\">\n<h2 class=\"subHead2\">Disponible ahora<br \/>\n<span class=\"highlight\">para<\/span> <strong>iPhone, iPad y Android<\/strong><br \/>\nsea cual sea, <strong>Cam4 es en vivo.<\/strong><\/h2>\n<p><img style=\"margin-top: 20px;\" alt=\"\" src=\"https:\/\/blog.cam4.com\/wp-content\/uploads\/2013\/03\/devices2.gif\" \/><\/p>\n<\/div>\n<\/div>\n","protected":false},"excerpt":{"rendered":"<p>NUEVO \u00a1Mira CAM4 en tu m\u00f3vil! Disponible Ahora<strong> Todo El Mundo<\/strong> Disponible Ahora<strong> S\u00f3lo Miembros<\/strong> Disponible <strong>S\u00f3lo Miembros<\/strong> Disponible <strong>S\u00f3lo Miembros<\/strong> Puedes ver<\/p>\n","protected":false},"author":1,"featured_media":0,"parent":0,"menu_order":0,"comment_status":"open","ping_status":"open","template":"page-new.php","meta":[],"_links":{"self":[{"href":"https:\/\/es.cam4.com\/blog\/wp-json\/wp\/v2\/pages\/2828"}],"collection":[{"href":"https:\/\/es.cam4.com\/blog\/wp-json\/wp\/v2\/pages"}],"about":[{"href":"https:\/\/es.cam4.com\/blog\/wp-json\/wp\/v2\/types\/page"}],"author":[{"embeddable":true,"href":"https:\/\/es.cam4.com\/blog\/wp-json\/wp\/v2\/users\/1"}],"replies":[{"embeddable":true,"href":"https:\/\/es.cam4.com\/blog\/wp-json\/wp\/v2\/comments?post=2828"}],"version-history":[{"count":0,"href":"https:\/\/es.cam4.com\/blog\/wp-json\/wp\/v2\/pages\/2828\/revisions"}],"wp:attachment":[{"href":"https:\/\/es.cam4.com\/blog\/wp-json\/wp\/v2\/media?parent=2828"}],"curies":[{"name":"wp","href":"https:\/\/api.w.org\/{rel}","templated":true}]}}