{"id":29326,"date":"2024-09-13T09:47:10","date_gmt":"2024-09-13T09:47:10","guid":{"rendered":"https:\/\/es.cam4.com\/blog\/?page_id=29326"},"modified":"2024-10-02T10:32:13","modified_gmt":"2024-10-02T10:32:13","slug":"concurso-vip-performer-septiembre-gana-300-extra","status":"publish","type":"page","link":"https:\/\/es.cam4.com\/blog\/concurso-vip-performer-septiembre-gana-300-extra\/","title":{"rendered":"Concurso VIP Performer \u2605 Septiembre \u2605 \u00a1GANADORES!"},"content":{"rendered":"\n<figure class=\"wp-block-image\"><img loading=\"lazy\" width=\"1024\" height=\"264\" src=\"https:\/\/es.cam4.com\/blog\/wp-content\/blogs.dir\/4\/files\/2021\/02\/VIP_camgirl_ES-1024x283-1-1024x264-1024x264.jpg\" alt=\"\" class=\"wp-image-23172\" srcset=\"https:\/\/es.cam4.com\/blog\/wp-content\/blogs.dir\/4\/files\/2021\/02\/VIP_camgirl_ES-1024x283-1-1024x264.jpg 1024w, https:\/\/es.cam4.com\/blog\/wp-content\/blogs.dir\/4\/files\/2021\/02\/VIP_camgirl_ES-1024x283-1-1024x264-300x77.jpg 300w, https:\/\/es.cam4.com\/blog\/wp-content\/blogs.dir\/4\/files\/2021\/02\/VIP_camgirl_ES-1024x283-1-1024x264-768x198.jpg 768w\" sizes=\"(max-width: 1024px) 100vw, 1024px\" \/><\/figure>\n\n\n\n<hr class=\"wp-block-separator\"\/>\n\n\n\n<h2 class=\"has-text-align-center\">CLASIFICACI\u00d3N FINAL<\/h2>\n\n\n\n<p class=\"has-text-align-center\"> <span style=\"color: #333333;\">1\u00b0 premio:<\/span> <span style=\"color: #993366;\"><strong>300$ <\/strong><\/span>&#8211; martinabratty<br>2\u00b0 premio: <strong>200$<\/strong> &#8211; survygreen<br>3\u00b0 premio:<strong> 100$<\/strong> &#8211; nicol_hot30<br>4\u00b0 premio:<strong> 50$<\/strong> &#8211; italianboy092<br> 5\u00b0 premio: <strong>20$<\/strong> &#8211; alexxx6918<br>  6\u00b0 premio: <strong>20$<\/strong> &#8211; kitiaralove<br> 7\u00b0 premio: <strong>20$<\/strong> &#8211; giulagi<br> 8\u00b0 premio: <strong>20$<\/strong> &#8211; thebulgueboyy<\/p>\n\n\n\n<hr class=\"wp-block-separator\"\/>\n\n\n\n<p class=\"has-text-align-center\"><strong>\u00bfTe vendr\u00eda bien algo de $$$ extra para recuperarte del verano?<\/strong><br><strong>Este mes de septiembre, lanzamos un nuevo concurso dedicado a premiar el talento nacional de CAM4 Espa\u00f1a \ud83c\uddea\ud83c\uddf8:<\/strong><br><strong> \u00a1L@s mejores modelos del mes podr\u00e1n ganar premios de hasta <span style=\"color: #993366;\"><strong>300$<\/strong><\/span>!<\/strong><\/p>\n\n\n\n<div class=\"wp-block-image\"><figure class=\"aligncenter size-full\"><img loading=\"lazy\" width=\"100\" height=\"100\" src=\"https:\/\/es.cam4.com\/blog\/wp-content\/blogs.dir\/4\/files\/2023\/11\/630bb_VIP-2023.png\" alt=\"\" class=\"wp-image-27869\"\/><\/figure><\/div>\n\n\n\n<hr class=\"wp-block-separator\"\/>\n\n\n\n<p class=\"has-text-align-center\"><span style=\"color: #993366;\"><em><strong>\u00bfC\u00f3mo ganar uno de los premios?<\/strong><\/em><\/span><br><strong>Simplemente, haciendo lo que mejor sabes hacer: \u00a1transmitir y ganar tokens con tus shows! Gana lo m\u00e1ximo posible<span style=\"color: #993366;\"> desde el 16 hasta el 30 de septiembre<\/span>, y al finalizar el concurso, l@s 8 modelos de Espa\u00f1a* que m\u00e1s hayan ganado se har\u00e1n con los premios!<\/strong><\/p>\n\n\n\n<div class=\"wp-block-image\"><figure class=\"aligncenter size-full\"><img loading=\"lazy\" width=\"100\" height=\"100\" src=\"https:\/\/es.cam4.com\/blog\/wp-content\/blogs.dir\/4\/files\/2023\/11\/1c93a_VIP-2023-2.0-tier1-1.png\" alt=\"\" class=\"wp-image-27866\"\/><\/figure><\/div>\n\n\n\n<p class=\"has-text-align-center\"><strong>\u00a1IMPORTANTE!<\/strong><\/p>\n\n\n\n<p class=\"has-text-align-center\"><strong>* Para participar en este concurso hay que transmitir desde Espa\u00f1a y usar la bandera de Espa\u00f1a en tu perfil.<\/strong> \ud83c\uddea\ud83c\uddf8<\/p>\n\n\n\n<hr class=\"wp-block-separator\"\/>\n\n\n\n<h3 class=\"has-text-align-center\"><b> <\/b>\u2728  <b><span style=\"color: #993366;\">8 PREMIOS VIP CAM4 ESPA\u00d1A  <\/span><\/b>\u2728<br><span style=\"color: #333333;\"><br>1\u00b0 premio:<\/span> <span style=\"color: #993366;\"><strong>300$ <\/strong><\/span><br>2\u00b0 premio: <strong>200$<\/strong><br>3\u00b0 premio:<strong> 100$<\/strong><br>4\u00b0 premio:<strong> 50$<\/strong><br> 5\u00b0 premio: <strong>20$<\/strong><br>  6\u00b0 premio: <strong>20$<\/strong> <br> 7\u00b0 premio: <strong>20$<\/strong><br> 8\u00b0 premio: <strong>20$<\/strong><\/h3>\n\n\n\n<h3 class=\"has-text-align-center\"> <strong> <\/strong><br> \u2728  <\/h3>\n\n\n\n<p class=\"has-text-align-center\"><strong>Aquellos modelos en el TOP 20 recibir\u00e1n actualizaciones semanales de la clasificaci\u00f3n provisional mediante un mensaje en CAM4.<\/strong><\/p>\n\n\n\n<p class=\"has-text-align-center\"><strong><em>Si NO quieres participar en el concurso, y no quieres que tu nombre aparezca en la clasificaci\u00f3n provisional por motivos de privacidad, envia un email a <span style=\"color: #993366;\"><a style=\"color: #993366;\" rel=\"noopener noreferrer\" href=\"mailto:cam4_esp@cam4.com\" target=\"_blank\">cam4_esp@cam4.com<\/a><\/span> con asunto Concurso VIP.<\/em><\/strong><\/p>\n\n\n\n<p class=\"has-text-align-center\"><strong><em>\u00a1ATENCI\u00d3N!<br>No se permite el movimiento de tokens entre cuentas, o los acuerdos con otros usuarios o modelos para intentar alterar fraudulentamente los resultados del concurso.<\/em><\/strong><\/p>\n\n\n\n<figure class=\"wp-block-image\"><img src=\"https:\/\/it.cam4.com\/blog\/wp-content\/blogs.dir\/3\/files\/2019\/11\/image_2019_08_07T15_32_57_297Z.png\" alt=\"\" class=\"wp-image-34163\"\/><\/figure>\n\n\n\n<p class=\"has-text-align-center\">_________________________________________________________________________<\/p>\n\n\n\n<h4><span style=\"color: #993366;\"><strong>Reglas:<\/strong><\/span><\/h4>\n\n\n\n<p class=\"has-text-align-left\"><span style=\"color: #000000;\">&#8211; <strong>Los 8 premios ser\u00e1n adjudicados a l@s modelos con mayores ganancias en el periodo de duraci\u00f3n del concurso<\/strong> (del 16 al 30 de septiembre).<em> No contar\u00e1n para el concurso las ganancias por bonus, premios o ajustes de otra naturaleza.<\/em><\/span><\/p>\n\n\n\n<p class=\"has-text-align-left\"><span style=\"color: #000000;\">&#8211; El recuento de ganancias comenzar\u00e1 <em><strong>el lunes 16 de septiembre y terminar\u00e1 el lunes 30 de septiembre de 2024<\/strong><\/em>* <em>(server time: el recuento se hace con el horario del servidor de NY, desde las 6am del 15 de septiembre hasta las 6am del 1 de octubre)*.<\/em><\/span><br>(Los ganadores se anunciar\u00e1n a partir del 1 de octubre)<\/p>\n\n\n\n<p class=\"has-text-align-left\"><span style=\"color: #000000;\">&#8211; Solo podr\u00e1n ganar modelos con <strong>cuenta verificada<\/strong>.<\/span><\/p>\n\n\n\n<p>&#8211; <strong>No se puede participar si bloqueas Espa\u00f1a al transmitir<\/strong>, queremos premiar a l@s modelos favoritos del p\u00fablico de Espa\u00f1a &#8211; si bloqueas Espa\u00f1a no aparecer\u00e1s en la clasificaci\u00f3n ni ganar\u00e1s ning\u00fan premio.<\/p>\n\n\n\n<p class=\"has-text-align-left\">&#8211; Solo participar\u00e1n aquellos modelos que hayan recibido un mensaje inform\u00e1ndoles sobre el concurso en CAM4<\/p>\n\n\n\n<p class=\"has-text-align-left\"><span style=\"color: #000000;\">&#8211; No se permiten movimientos de tokens o acuerdos entre usuarios y modelos. Las fichas deben provenir de compras de packs de fichas, no contar\u00e1n fichas convertidas por otros modelos, solo fichas enviadas por usuarios que hayan comprado packs de fichas. Los movimientos de tokens a otras cuentas (por ej, moderadores, o segundas cuentas propias) deben ser comunicados por email a <span style=\"color: #ff9900;\"><a style=\"color: #ff9900;\" href=\"mailto:cam4_esp@cam4.com\">cam4_esp@cam4.com<\/a><\/span><\/span><\/p>\n\n\n\n<p class=\"has-text-align-left\"><span style=\"color: #000000;\">&#8211; Cualquier intento de fraude significar\u00e1 la exclusi\u00f3n del concurso.<\/span> Todos los datos ser\u00e1n verificados al verificar el concurso y publicar la clasificaci\u00f3n final.<\/p>\n\n\n\n<p class=\"has-text-align-left\"><span style=\"color: #000000;\">&#8211; En este concurso participar\u00e1n <strong>solo modelos que transmiten desde Espa\u00f1a y en su perfil usan la bandera de Espa\u00f1a<\/strong>. \ud83c\uddea\ud83c\uddf8 (Si no est\u00e1s usando la bandera de Espa\u00f1a en tu perfil o la usas pero no vives en Espa\u00f1a no participar\u00e1s en el concurso)<br><\/span><\/p>\n","protected":false},"excerpt":{"rendered":"<p>CLASIFICACI\u00d3N FINAL <\/p>\n<p class=\"has-text-align-center\"> 1\u00b0 premio: <strong>300$ <\/strong>&#8211; martinabratty2\u00b0 premio: <strong>200$<\/strong> &#8211; survygreen3\u00b0 premio:<strong> 100$<\/strong> &#8211; nicol_hot304\u00b0 premio:<strong> 50$<\/strong> &#8211; italianboy092 5\u00b0 premio:<\/p>\n","protected":false},"author":1,"featured_media":0,"parent":0,"menu_order":0,"comment_status":"closed","ping_status":"closed","template":"","meta":[],"_links":{"self":[{"href":"https:\/\/es.cam4.com\/blog\/wp-json\/wp\/v2\/pages\/29326"}],"collection":[{"href":"https:\/\/es.cam4.com\/blog\/wp-json\/wp\/v2\/pages"}],"about":[{"href":"https:\/\/es.cam4.com\/blog\/wp-json\/wp\/v2\/types\/page"}],"author":[{"embeddable":true,"href":"https:\/\/es.cam4.com\/blog\/wp-json\/wp\/v2\/users\/1"}],"replies":[{"embeddable":true,"href":"https:\/\/es.cam4.com\/blog\/wp-json\/wp\/v2\/comments?post=29326"}],"version-history":[{"count":9,"href":"https:\/\/es.cam4.com\/blog\/wp-json\/wp\/v2\/pages\/29326\/revisions"}],"predecessor-version":[{"id":29422,"href":"https:\/\/es.cam4.com\/blog\/wp-json\/wp\/v2\/pages\/29326\/revisions\/29422"}],"wp:attachment":[{"href":"https:\/\/es.cam4.com\/blog\/wp-json\/wp\/v2\/media?parent=29326"}],"curies":[{"name":"wp","href":"https:\/\/api.w.org\/{rel}","templated":true}]}}