{"id":30463,"date":"2025-05-27T16:02:37","date_gmt":"2025-05-27T16:02:37","guid":{"rendered":"https:\/\/es.cam4.com\/blog\/?page_id=30463"},"modified":"2025-05-28T14:51:35","modified_gmt":"2025-05-28T14:51:35","slug":"trae-a-una-amiga-a-transmitir-a-cam4-y-gana-100-solo-espana","status":"publish","type":"page","link":"https:\/\/es.cam4.com\/blog\/trae-a-una-amiga-a-transmitir-a-cam4-y-gana-100-solo-espana\/","title":{"rendered":"\u00a1Trae a una amiga a transmitir a Cam4 y gana 100$! (Solo Espa\u00f1a)"},"content":{"rendered":"\n<div class=\"wp-block-image\"><figure class=\"aligncenter size-full\"><a href=\"https:\/\/es.cam4.com\/blog\/wp-content\/blogs.dir\/4\/files\/2025\/05\/money-1.jpg\"><img loading=\"lazy\" width=\"635\" height=\"315\" src=\"https:\/\/es.cam4.com\/blog\/wp-content\/blogs.dir\/4\/files\/2025\/05\/money-1.jpg\" alt=\"\" class=\"wp-image-30466\" srcset=\"https:\/\/es.cam4.com\/blog\/wp-content\/blogs.dir\/4\/files\/2025\/05\/money-1.jpg 635w, https:\/\/es.cam4.com\/blog\/wp-content\/blogs.dir\/4\/files\/2025\/05\/money-1-300x149.jpg 300w\" sizes=\"(max-width: 635px) 100vw, 635px\" \/><\/a><\/figure><\/div>\n\n\n\n<p><em><strong>\u00bfSab\u00edas que puedes ganar dinero extra ayud\u00e1ndonos a ampliar la comunidad de modelos Cam4?<\/strong><\/em><\/p>\n\n\n\n<p>Si traes a una amiga a transmitir a Cam4, te daremos <strong>100$ extra<\/strong> cuando ella haya verificado su cuenta, transmitido durante al menos 10 horas y ganado al menos 100$.<\/p>\n\n\n\n<p>Para poder aplicar a esta promoci\u00f3n, ella <strong>debe ser nueva en Cam4 <\/strong>(no haber transmitido antes tampoco con una cuenta diferente), ser una chica o pareja (el bonus no sirve para modelos chicos) y residir en Espa\u00f1a &#8211;  debe transmitir f\u00edsicamente desde Espa\u00f1a, independientemente de su nacionalidad.<\/p>\n\n\n\n<p>\u00a1Una buena forma de ganar dinero extra de forma f\u00e1cil!<\/p>\n\n\n\n<p>Para solicitar el bonus, tanto la chica nueva como la modelo que la ha traido a Cam4 deben escribir a Carlos al email <a href=\"mailto:carlos@cam4.com\">carlos@cam4.com<\/a> una vez la cuenta nueva haya sido ya verificada con los documentos de identidad.<\/p>\n\n\n\n<h2><strong>REGLAS<\/strong><\/h2>\n\n\n\n<p>&#8211; La modelo nueva debe ser chica o pareja &#8211; promoci\u00f3n no v\u00e1lida para modelos masculinos<br>&#8211; La modelo debe ser nueva en la p\u00e1gina, esto quiere decir no haber estado registrada anteriormente en otra cuenta ya existente<br>&#8211; La modelo nueva debe encontrarse y transmitir desde Espa\u00f1a, independientemente de su nacionalidad<br>&#8211; La nueva modelo no puede llevar registrada m\u00e1s de 2 semanas para ser considerada nueva y optar a la promoci\u00f3n<br>&#8211; La nueva modelo puede disfrutar del <a href=\"https:\/\/es.cam4.com\/blog\/bonus-para-nuevas-modelos-de-cam4-espana\/\">Bonus para Nuevas Modelos<\/a> de Cam4 Espa\u00f1a<br>&#8211; El bonus se a\u00f1adir\u00e1 cuando la modelo nueva haya transmitido al menos 10 horas y haya ganado al menos 100$. Estas ganancias deben provenir de fichas de usuarios, no pueden ser fichas convertidas por otras modelos ni otro tipo de premios, deben ser fichas compradas en packs de fichas.<br>&#8211; Para m\u00e1s informaci\u00f3n o dudas, escribir a Carlos &#8211; <a href=\"mailto:carlos@cam4.com\">carlos@cam4.com<\/a><\/p>\n","protected":false},"excerpt":{"rendered":"<p><a href=\"https:\/\/es.cam4.com\/blog\/wp-content\/blogs.dir\/4\/files\/2025\/05\/money-1.jpg\"><\/a> <\/p>\n<p><em><strong>\u00bfSab\u00edas que puedes ganar dinero extra ayud\u00e1ndonos a ampliar la comunidad de modelos Cam4?<\/strong><\/em><\/p>\n<p>Si traes a una amiga a transmitir<\/p>\n","protected":false},"author":1,"featured_media":0,"parent":0,"menu_order":0,"comment_status":"closed","ping_status":"closed","template":"","meta":[],"_links":{"self":[{"href":"https:\/\/es.cam4.com\/blog\/wp-json\/wp\/v2\/pages\/30463"}],"collection":[{"href":"https:\/\/es.cam4.com\/blog\/wp-json\/wp\/v2\/pages"}],"about":[{"href":"https:\/\/es.cam4.com\/blog\/wp-json\/wp\/v2\/types\/page"}],"author":[{"embeddable":true,"href":"https:\/\/es.cam4.com\/blog\/wp-json\/wp\/v2\/users\/1"}],"replies":[{"embeddable":true,"href":"https:\/\/es.cam4.com\/blog\/wp-json\/wp\/v2\/comments?post=30463"}],"version-history":[{"count":4,"href":"https:\/\/es.cam4.com\/blog\/wp-json\/wp\/v2\/pages\/30463\/revisions"}],"predecessor-version":[{"id":30470,"href":"https:\/\/es.cam4.com\/blog\/wp-json\/wp\/v2\/pages\/30463\/revisions\/30470"}],"wp:attachment":[{"href":"https:\/\/es.cam4.com\/blog\/wp-json\/wp\/v2\/media?parent=30463"}],"curies":[{"name":"wp","href":"https:\/\/api.w.org\/{rel}","templated":true}]}}