{"id":32542,"date":"2025-11-26T14:59:27","date_gmt":"2025-11-26T14:59:27","guid":{"rendered":"https:\/\/es.cam4.com\/blog\/?page_id=32542"},"modified":"2025-11-26T16:52:23","modified_gmt":"2025-11-26T16:52:23","slug":"la-final-de-xxxfactor-ya-esta-aqui","status":"publish","type":"page","link":"https:\/\/es.cam4.com\/blog\/la-final-de-xxxfactor-ya-esta-aqui\/","title":{"rendered":"\u00a1La final de XXXFactor ya est\u00e1 aqu\u00ed!"},"content":{"rendered":"\n<figure class=\"wp-block-image size-large\"><a href=\"https:\/\/es.cam4.com\/blog\/wp-content\/blogs.dir\/4\/files\/2025\/11\/XXXFACTOR_BlogBanner-1.png\"><img loading=\"lazy\" width=\"1024\" height=\"577\" src=\"https:\/\/es.cam4.com\/blog\/wp-content\/blogs.dir\/4\/files\/2025\/11\/XXXFACTOR_BlogBanner-1-1024x577.png\" alt=\"\" class=\"wp-image-32544\" srcset=\"https:\/\/es.cam4.com\/blog\/wp-content\/blogs.dir\/4\/files\/2025\/11\/XXXFACTOR_BlogBanner-1-1024x577.png 1024w, https:\/\/es.cam4.com\/blog\/wp-content\/blogs.dir\/4\/files\/2025\/11\/XXXFACTOR_BlogBanner-1-300x169.png 300w, https:\/\/es.cam4.com\/blog\/wp-content\/blogs.dir\/4\/files\/2025\/11\/XXXFACTOR_BlogBanner-1-768x432.png 768w, https:\/\/es.cam4.com\/blog\/wp-content\/blogs.dir\/4\/files\/2025\/11\/XXXFACTOR_BlogBanner-1-1536x865.png 1536w, https:\/\/es.cam4.com\/blog\/wp-content\/blogs.dir\/4\/files\/2025\/11\/XXXFACTOR_BlogBanner-1-2048x1153.png 2048w\" sizes=\"(max-width: 1024px) 100vw, 1024px\" \/><\/a><\/figure>\n\n\n\n<h3 class=\"has-text-align-center\">\u00a1El gran show est\u00e1 ya casi aqu\u00ed! <\/h3>\n\n\n\n<p class=\"has-text-align-center\">\u00a1Tu talento en video ha conquistado a los espectadores de Cam4, ahora es el momento de mostrarlo EN DIRECTO!<\/p>\n\n\n\n<p class=\"has-text-align-center\">\u00a1Todos queremos que la final de <strong>XXXFactor <\/strong>sea un \u00e9xito y por eso queremos tener todo claro antes del show!<\/p>\n\n\n\n<p class=\"has-text-align-center\">\ud83d\udccc La final tendr\u00e1 lugar el <strong>s\u00e1bado 29 de Noviembre <\/strong>a las 8pm (horario UTC), lo cual quiere decir<br><br><strong>9pm &#8211; hora Espa\u00f1a<br>3pm &#8211; hora Colombia<br>5pm &#8211; hora Argentina \/ Chile<\/strong><\/p>\n\n\n\n<p class=\"has-text-align-center\">\ud83d\udcab Todos <strong>los 10 finalistas estar\u00e1n online<\/strong> <strong>a la vez<\/strong>, durante una hora, realizando su show en el que mostrar\u00e1n su talento e intentar\u00e1n conquistar a los espectadores de Cam4<br><br>\ud83d\ude4f  Pedimos por favor que los finalistas est\u00e9n online en su webcam unos <strong>15 minutos antes<\/strong> de la hora del show.<\/p>\n\n\n\n<p class=\"has-text-align-center\">Los ganadores se elegir\u00e1n a trav\u00e9s de los regalos X, que aparecer\u00e1n a los usuarios arriba del todo cuando toquen en el bot\u00f3n de &#8220;enviar regalo&#8221;. <strong>\u00a1El objetivo es <span class=\"has-inline-color has-luminous-vivid-orange-color\">conseguir el mayor n\u00famero de X<\/span>!<\/strong><\/p>\n\n\n\n<p>Hay tres regalos X<\/p>\n\n\n\n<figure class=\"wp-block-image size-full\"><a href=\"https:\/\/es.cam4.com\/blog\/wp-content\/blogs.dir\/4\/files\/2025\/11\/xxx.jpg\"><img loading=\"lazy\" width=\"900\" height=\"300\" src=\"https:\/\/es.cam4.com\/blog\/wp-content\/blogs.dir\/4\/files\/2025\/11\/xxx.jpg\" alt=\"\" class=\"wp-image-32543\" srcset=\"https:\/\/es.cam4.com\/blog\/wp-content\/blogs.dir\/4\/files\/2025\/11\/xxx.jpg 900w, https:\/\/es.cam4.com\/blog\/wp-content\/blogs.dir\/4\/files\/2025\/11\/xxx-300x100.jpg 300w, https:\/\/es.cam4.com\/blog\/wp-content\/blogs.dir\/4\/files\/2025\/11\/xxx-768x256.jpg 768w\" sizes=\"(max-width: 900px) 100vw, 900px\" \/><\/a><\/figure>\n\n\n\n<ul><li><strong>Una X (precio: 20 fichas)<\/strong><\/li><li><strong>Dos XX (precio: 35 fichas)<\/strong><\/li><li><strong>Tres XXX (precio: 45 fichas)<\/strong><\/li><\/ul>\n\n\n\n<p><\/p>\n\n\n\n<p>El valor en fichas del regalo se a\u00f1adir\u00e1 a tus ganancias, pero <strong>lo que cuenta para ganar el concurso es el n\u00famero de X recibidas. <\/strong><\/p>\n\n\n\n<p>\u2705\ufe0f Al principio del show, enviaremos un regalo a cada modelo participante, para saber que a partir de ese regalo comienzan a contar las Xs recibidas.\ud83d\ude80<\/p>\n\n\n\n<p><strong>La final durar\u00e1 1 hora, y solo contar\u00e1n para el concurso los regalos recibidos durante esa hora<\/strong>, aunque cada modelo puede elegir si quiere continuar online m\u00e1s tiempo despu\u00e9s del concurso.<\/p>\n\n\n\n<p>Los 10 shows participando en la final <strong>aparecer\u00e1n en la primera p\u00e1gina de Cam4<\/strong> durante la final, siempre en las primeras filas para que los usuarios puedan encontrarlos f\u00e1cilmente. <\/p>\n\n\n\n<h4 class=\"has-text-align-center\"><span class=\"has-inline-color has-luminous-vivid-orange-color\">El domingo despu\u00e9s de comprobar que todo est\u00e1 correcto se publicar\u00e1 la lista con los ganadores!<\/span><\/h4>\n\n\n\n<p>\u00a1Recuerda que tenemos en juego <strong>10 premios, para 10 participantes<\/strong>, eso quiere decir que todos sois ya ganadores!<\/p>\n\n\n\n<h2 class=\"has-text-align-center\"><strong>Primer Premio:&nbsp;1.000$<br>Segundo Premio:&nbsp;750$<\/strong><br><strong>Tercer Premio:&nbsp;500$<\/strong><br><strong>Cuarto Premio:&nbsp;250$<\/strong><br><strong>del 5\u00ba al 10\u00ba Premio:&nbsp;100$<\/strong><\/h2>\n\n\n\n<p>Durante la final estaremos atendiendo cualquier duda tanto en el chat de soporte como desde las cuentas de los usuarios Julia_cam4, Alexandra_cam4 y Latenienterada.<\/p>\n\n\n\n<p><em><strong>\u2728Consejos:<\/strong><\/em><\/p>\n\n\n\n<p><strong>\ud83e\ude84<\/strong> <strong>Invita a tus fans y seguidores fieles a apoyarte el s\u00e1bado en la gran final!<\/strong><\/p>\n\n\n\n<p>\ud83d\udd2e <strong>Recu\u00e9rdales tener listas sus fichas y aprovechar la promoci\u00f3n<strong> de Black Friday <\/strong>el dia antes para apoyarte con sus regalos XXX! <\/strong><\/p>\n\n\n\n<p><\/p>\n\n\n\n<h3 class=\"has-text-align-center\">\u00a1Estamos deseando ver vuestros talentos en acci\u00f3n! <\/h3>\n","protected":false},"excerpt":{"rendered":"<p><a href=\"https:\/\/es.cam4.com\/blog\/wp-content\/blogs.dir\/4\/files\/2025\/11\/XXXFACTOR_BlogBanner-1.png\"><\/a> \u00a1El gran show est\u00e1 ya casi aqu\u00ed! <\/p>\n<p class=\"has-text-align-center\">\u00a1Tu talento en video ha conquistado a los espectadores de Cam4, ahora es<\/p>\n","protected":false},"author":1,"featured_media":0,"parent":0,"menu_order":0,"comment_status":"closed","ping_status":"closed","template":"","meta":[],"_links":{"self":[{"href":"https:\/\/es.cam4.com\/blog\/wp-json\/wp\/v2\/pages\/32542"}],"collection":[{"href":"https:\/\/es.cam4.com\/blog\/wp-json\/wp\/v2\/pages"}],"about":[{"href":"https:\/\/es.cam4.com\/blog\/wp-json\/wp\/v2\/types\/page"}],"author":[{"embeddable":true,"href":"https:\/\/es.cam4.com\/blog\/wp-json\/wp\/v2\/users\/1"}],"replies":[{"embeddable":true,"href":"https:\/\/es.cam4.com\/blog\/wp-json\/wp\/v2\/comments?post=32542"}],"version-history":[{"count":6,"href":"https:\/\/es.cam4.com\/blog\/wp-json\/wp\/v2\/pages\/32542\/revisions"}],"predecessor-version":[{"id":32561,"href":"https:\/\/es.cam4.com\/blog\/wp-json\/wp\/v2\/pages\/32542\/revisions\/32561"}],"wp:attachment":[{"href":"https:\/\/es.cam4.com\/blog\/wp-json\/wp\/v2\/media?parent=32542"}],"curies":[{"name":"wp","href":"https:\/\/api.w.org\/{rel}","templated":true}]}}