{"id":32732,"date":"2025-12-18T16:07:20","date_gmt":"2025-12-18T16:07:20","guid":{"rendered":"https:\/\/es.cam4.com\/blog\/?page_id=32732"},"modified":"2025-12-18T16:09:02","modified_gmt":"2025-12-18T16:09:02","slug":"gana-100-con-tu-show-festivo-cam4xxxmas-18-28-dic","status":"publish","type":"page","link":"https:\/\/es.cam4.com\/blog\/gana-100-con-tu-show-festivo-cam4xxxmas-18-28-dic\/","title":{"rendered":"Gana 100$ con tu Show festivo \u2744 CAM4XXXMas \u2744 (18-28 Dic)"},"content":{"rendered":"\n<div class=\"wp-block-image size-full\"><figure class=\"aligncenter\"><img src=\"https:\/\/performers.cam4.com\/wp-content\/uploads\/ES_XXXMas_Broadcasters_700x394.jpg\" alt=\"\" class=\"wp-image-68836\"\/><\/figure><\/div>\n\n\n\n<hr class=\"wp-block-separator has-alpha-channel-opacity\"\/>\n\n\n<p style=\"text-align: center;\"><\/p>\n\n\n<h3 class=\"has-text-align-center wp-block-heading\">\u00a1Este a\u00f1o no puede terminar con nada mejor que nuestro tradicional concurso dedicado a los shows sexys navide\u00f1os!<br> \u00a1Y como siempre repartiremos muchos premios para hacerlos a\u00fan m\u00e1s interesantes!<\/h3>\n\n\n\n<div class=\"wp-block-image\"><figure class=\"aligncenter\"><img src=\"http:\/\/performers.cam4.com\/wp-content\/uploads\/2c182_christmas-stockings.png\" alt=\"\" class=\"wp-image-62972\"\/><\/figure><\/div>\n\n\n\n<p class=\"has-text-align-center\"><\/p>\n\n\n\n<h3 class=\"has-text-align-center wp-block-heading\"><span style=\"color: #000000;\"><strong><span style=\"color: #ff0000;\">Desde el jueves 18 al domingo 28 de diciembre <\/span>haz un show festivo<span style=\"color: #000000;\">#CAM4XXXMas y publica en tu Muro Cam4 una foto o video para participar. <\/span><\/strong><\/span><strong><br> <\/strong><\/h3>\n\n\n\n<div class=\"wp-block-image\"><figure class=\"aligncenter\"><img src=\"http:\/\/performers.cam4.com\/wp-content\/uploads\/gingerbread-woman.png\" alt=\"\"\/><\/figure><\/div>\n\n\n\n<p class=\"has-text-align-center\"><\/p>\n\n\n\n<h3 class=\"has-text-align-center wp-block-heading\"><span style=\"color: #000000;\"><strong><span style=\"color: #000000;\">Hay en juego<\/span> <span style=\"color: #ff0000;\"><\/span><\/strong><\/span><span style=\"color: #000000;\"><strong><span style=\"color: #ff0000;\">25 PREMIOS Globales CAM4<\/span> <span style=\"color: #000000;\">para el contenido publicado m\u00e1s original y sexy!<\/span><br> <\/strong><\/span><\/h3>\n\n\n\n<hr class=\"wp-block-separator has-alpha-channel-opacity\"\/>\n\n\n\n<h2 class=\"has-text-align-center wp-block-heading\"><span style=\"color: #000000;\"><span style=\"color: #ff0000;\"><strong>1000 Tokens<\/strong><\/span> \u2744 premio <strong>MISS CAM4XXXMas<\/strong><br> <\/span><span style=\"color: #ff0000;\"><strong>1000 Tokens<\/strong><\/span> <span style=\"color: #000000;\">\u2744 premio <strong>MISTER CAM4XXXMas<\/strong><\/span><\/h2>\n\n\n\n<h2 class=\"has-text-align-center wp-block-heading\"><span style=\"color: #000000;\">3 premios \u2744 <span style=\"color: #ff0000;\"><strong>500 Tokens<\/strong><\/span><\/span><\/h2>\n\n\n\n<h2 class=\"has-text-align-center wp-block-heading\"><span style=\"color: #000000;\">10 premios \u2744 <span style=\"color: #ff0000;\"><strong>200 Tokens<\/strong><\/span><\/span><\/h2>\n\n\n\n<h2 class=\"has-text-align-center wp-block-heading\">10 premios <span style=\"color: #000000;\">\u2744<\/span> <span style=\"color: #000000;\"><span style=\"color: #ff0000;\"><strong>100 Tokens<\/strong><\/span><\/span><span lang=\"it\" tabindex=\"-1\" class=\"\"><em><br> <\/em><\/span>+ Premios extra<\/h2>\n\n\n\n<div class=\"wp-block-image\"><figure class=\"aligncenter\"><img src=\"http:\/\/performers.cam4.com\/wp-content\/uploads\/north-pole-dancer.png\" alt=\"\"\/><\/figure><\/div>\n\n\n\n<p class=\"has-text-align-center\"><\/p>\n\n\n\n<h2 class=\"wp-block-heading\"><span style=\"color: #ff0000;\">\u2744 Sigue estos pasos para participar<strong>:<\/strong><\/span><\/h2>\n\n\n\n<p><span style=\"color: #000000;\">\u2744 <\/span>Programa tu show en tu <a href=\"https:\/\/www.cam4.com\/training\/primeros-pasos\/el-calendario-de-transmisiones-como-programar-tus-shows-en-cam4\">calendario CAM4<\/a> insertando en la descripci\u00f3n la etiqueta: <strong>#XXXMAS25<\/strong><br> El show programado en el calendario deber\u00e1 hacerse entre el <strong>*jueves 18 y domingo 28 de diciembre<\/strong>*.<br> (Los shows no programados previamente no participar\u00e1n en el concurso ni recibir\u00e1n ning\u00fan premio<strong>)<br> <br> \u2744 <\/strong>Haz el show en directo, insertando en la descripci\u00f3n la etiqueta: <strong>#XXXMas25<br> <\/strong><br><strong>\u2744 <\/strong>Publica en tu <strong>Muro de Publicaciones Cam4<\/strong> una foto o video <strong>gratuito<\/strong> del tema con el hashtag <strong><span style=\"color: #ff6600;\">#XXXmas25<\/span><\/strong><span style=\"color: #ff6600;\">\u00a0<\/span>en la descripci\u00f3n.<br><\/p>\n\n\n\n<div class=\"wp-block-image\"><figure class=\"aligncenter size-full\"><a href=\"https:\/\/es.cam4.com\/blog\/wp-content\/blogs.dir\/4\/files\/2025\/12\/publicac.jpg\"><img loading=\"lazy\" width=\"289\" height=\"189\" src=\"https:\/\/es.cam4.com\/blog\/wp-content\/blogs.dir\/4\/files\/2025\/12\/publicac.jpg\" alt=\"\" class=\"wp-image-32734\"\/><\/a><\/figure><\/div>\n\n\n\n<div class=\"wp-block-image size-large\"><figure class=\"aligncenter\"><img src=\"https:\/\/performers.cam4.com\/wp-content\/uploads\/xmasspost-565x750.jpg\" alt=\"\" class=\"wp-image-68881\"\/><\/figure><\/div>\n\n\n\n<p class=\"has-text-align-left\"><span style=\"color: #000000;\"><span id=\"result_box\" class=\"\" lang=\"it\" tabindex=\"-1\"><em>Al finalizar el periodo del concurso los equipos de redes sociales de CAM4 de todas las regiones elegir\u00e1n los mejores shows y contenido y se publicar\u00e1n los ganadores en el blog de Cam4 y en este mismo art\u00edculo.<\/em><\/span> <\/span><\/p>\n\n\n\n<p class=\"has-text-align-center\"><\/p>\n\n\n\n<h2 class=\"wp-block-heading\">Ideas para shows Festivos Sexys!<\/h2>\n\n\n\n<div class=\"wp-block-image aligncenter size-large is-resized\"><figure class=\"aligncenter size-large\"><img src=\"https:\/\/performers.cam4.com\/wp-content\/uploads\/xmas-750x315.png\" alt=\"\" class=\"wp-image-68852\"\/><\/figure><\/div>\n\n\n\n<p><\/p>\n\n\n\n<ul><li>&#8211; Decora tu \u00e1rbol en Webcam.<br>Ej: Pongo tu nombre en un adorno por 40 tokens<\/li><\/ul>\n\n\n\n<ul><li>&#8211; Envuelve tu cuerpo en luces o guirnaldas<\/li><\/ul>\n\n\n\n<ul><li>&#8211; Pon el mu\u00e9rdago en donde quieras ser besado\/a!<\/li><\/ul>\n\n\n\n<ul><li>&#8211; Juegos festivos para tus espectadores: haz rifas o usa juegos del chat con tem\u00e1tica festiva<\/li><\/ul>\n\n\n\n<ul><li>&#8211; Decora tus sex toys, y usa ropa interior y complementos rojos!<\/li><\/ul>\n\n\n\n<p><\/p>\n\n\n\n<h4>Consejos Pro:<br>Twittea videos y fotos en buena resoluci\u00f3n, creativas y con \u00e1ngulos que resalten lo mejor de ti, y sin logos o texto\u2026 Puedes subir todas las fotos o videos que quieras!<\/h4>\n\n\n\n<p><\/p>\n\n\n\n<p><em><strong>Recuerda twittear fotos SOFT para este concurso: <\/strong><\/em><\/p>\n\n\n\n<p><em><strong> &#8211; NO sexo expl\u00edcito, NO genitales (no test\u00edculos, pene o vagina)<br>\n &#8211; SI pezones, Si culo<\/strong><\/em><\/p>\n\n\n\n<p><strong>Comparte tambi\u00e9n tu foto en X (Twitter) para tener mayor visibilidad y conseguir m\u00e1s espectadores para tu show!<\/strong><\/p>\n\n\n\n<div class=\"wp-block-image size-large\"><figure class=\"aligncenter\"><img src=\"https:\/\/performers.cam4.com\/wp-content\/uploads\/cataleya_666-banner2-750x406.jpg\" alt=\"\" class=\"wp-image-68853\"\/><\/figure><\/div>\n\n\n\n<p class=\"has-text-align-center\"><em><a href=\"https:\/\/es.cam4.com\/blog\/las-fotos-de-las-navidades-calientes-de-cam4-cam4-xxxmas\/\"><span style=\"color: #ff0000;\"><span style=\"color: #008000;\"><strong><span style=\"color: #ff0000;\">Haz clic aqu\u00ed para ver la galer\u00eda de ganadores del a\u00f1o pasado!<\/span><\/strong><\/span><\/span><\/a><\/em><\/p>\n\n\n\n<div class=\"wp-block-image\"><figure class=\"aligncenter\"><img src=\"http:\/\/performers.cam4.com\/wp-content\/uploads\/ade47_candy-cane-elf.gif\" alt=\"\" class=\"wp-image-62971\"\/><\/figure><\/div>\n\n\n\n<p class=\"has-text-align-center\"><\/p>\n\n\n\n<h2 class=\"wp-block-heading\"><span style=\"color: #ff0000;\"><strong>*REGLAS<\/strong><\/span><\/h2>\n\n\n\n<ul><li>&#8211; Solo pueden participar modelos con la cuenta verificada en su Panel de Modelo <\/li><\/ul>\n\n\n\n<ul><li>&#8211; El show debe ser programado previamente para participar, si no se ha programado no participar\u00e1 ni se recibir\u00e1 ning\u00fan premio, al igual que si no se realiza el show no se podr\u00e1 ganar ning\u00fan premio.<\/li><li>&#8211; Durante el show en directo deber\u00e1s escribir en el estado o descripci\u00f3n la etiqueta #XXXMAS25<\/li><li>&#8211; Deber\u00e1s usar el hashtag #XXXmas25 en la descripci\u00f3n del show en tu calendario, en la descripci\u00f3n del show en directo, y en la publicaci\u00f3n en X (Twitter).<\/li><li>&#8211; El show deber\u00e1 realizarse entre el 18 y 28 de diciembre, durar al menos 30 minutos y reunir al menos a 20 espectadores<\/li><li>&#8211; El show y las fotos publicadas deben ajustarse al tema Festivo (si la foto no se ajusta al tema no se considerar\u00e1 v\u00e1lida)<\/li><li>&#8211; Las fotos \/ videos \/ gif deben ser soft (SFW) &#8211; Esto significa, sin genitales ni sexo expl\u00edcito (pechos y pezones y culo son permitidos)<\/li><li>&#8211; Las fotos o videos publicadas deben ser contenido nuevo, no se permite participar con fotos ya usadas anteriormente en concursos.<\/li><li>&#8211; La publicaci\u00f3n en el Muro de tu perfil Cam4 debe ser gratuita, sin precio para desbloquear.<\/li><li>&#8211; M\u00e1ximo un premio por modelo (solo, o pareja) &#8211; aunque se haga m\u00e1s de un show<\/li><li>&#8211; Los premios se a\u00f1adir\u00e1n a la cuenta antes del 10 de Enero y aparecer\u00e1n en el Panel de Modelo en el apartado Estad\u00edsticas > Ajustes (abajo)<\/li><li>&#8211; Los ganadores de las mejores fotos recibir\u00e1n un mensaje de notificaci\u00f3n<\/li><li>&#8211; Al participar aceptas que tu foto sea usada por Cam4 en redes sociales y promoci\u00f3n de la p\u00e1gina.\u00a0<\/li><\/ul>\n\n\n\n<p><strong>Nota: solo modelos que hayan ganado al menos 50$ (500 fichas) en los \u00faltimos 30 d\u00edas podr\u00e1n clasificarse para ganar uno de los premios de 500 o 1000 fichas.<\/strong><\/p>\n\n\n\n<p><em>Aquell@s modelos que hayan ganado menos de 500 fichas podr\u00e1n ganar uno de los premios de 25$ o 10$.<\/em><\/p>\n","protected":false},"excerpt":{"rendered":"<p style=\"text-align: center;\">\n<p> \u00a1Este a\u00f1o no puede terminar con nada mejor que nuestro tradicional concurso dedicado a los shows sexys navide\u00f1os! \u00a1Y como<\/p>\n","protected":false},"author":1,"featured_media":0,"parent":0,"menu_order":0,"comment_status":"closed","ping_status":"closed","template":"","meta":[],"_links":{"self":[{"href":"https:\/\/es.cam4.com\/blog\/wp-json\/wp\/v2\/pages\/32732"}],"collection":[{"href":"https:\/\/es.cam4.com\/blog\/wp-json\/wp\/v2\/pages"}],"about":[{"href":"https:\/\/es.cam4.com\/blog\/wp-json\/wp\/v2\/types\/page"}],"author":[{"embeddable":true,"href":"https:\/\/es.cam4.com\/blog\/wp-json\/wp\/v2\/users\/1"}],"replies":[{"embeddable":true,"href":"https:\/\/es.cam4.com\/blog\/wp-json\/wp\/v2\/comments?post=32732"}],"version-history":[{"count":4,"href":"https:\/\/es.cam4.com\/blog\/wp-json\/wp\/v2\/pages\/32732\/revisions"}],"predecessor-version":[{"id":32737,"href":"https:\/\/es.cam4.com\/blog\/wp-json\/wp\/v2\/pages\/32732\/revisions\/32737"}],"wp:attachment":[{"href":"https:\/\/es.cam4.com\/blog\/wp-json\/wp\/v2\/media?parent=32732"}],"curies":[{"name":"wp","href":"https:\/\/api.w.org\/{rel}","templated":true}]}}