{"id":6513,"date":"2015-01-30T21:03:23","date_gmt":"2015-01-30T21:03:23","guid":{"rendered":"https:\/\/es.blogs.cam4.com\/?page_id=6513"},"modified":"2015-03-31T16:19:07","modified_gmt":"2015-03-31T16:19:07","slug":"show-gold-cam4","status":"publish","type":"page","link":"https:\/\/es.cam4.com\/blog\/show-gold-cam4\/","title":{"rendered":"Show Gold CAM4"},"content":{"rendered":"<p>El Show Gold es una transmisi\u00f3n mensual solo para miembros Gold, protagonizada por el\/la modelo favorit@ de la comunidad!<\/p>\n<p>Cada mes, 10 modelos competir\u00e1n para realizar el Show Gold intentando conseguir m\u00e1s Estrellas Gold que los dem\u00e1s. Puedes usar tu regalo Estrella Gold para votar, regal\u00e1ndosela a uno de esos 10 modelos. Recuerda, no tienes por qu\u00e9 usar tu Estrella Gold para el concurso, \u00a1Puedes envi\u00e1rsela al miembro de CAM4 que quieras!<\/p>\n<p>Podr\u00e1s votar enviando tu regalo Estrella Gold a uno de los 10 modelos que compiten desde el d\u00eda 1 al 15 de cada mes. Despu\u00e9s del 15 se har\u00e1 el recuento de los votos y anunciaremos la fecha del Show Gold!<\/p>\n<p><a href=\"https:\/\/www.cam4support.com\/es\/category\/la-cuenta-gold-cam4\/\" target=\"_blank\">Ver Show Gold FAQ<\/a><\/p>\n<p>\u00a1Estas son las candidatas a protagonizar el Show Gold de Abril! Una de<br \/>\nellas 10 ser\u00e1 la protagonista de un incre\u00edble show exclusivo para<br \/>\nmiembros Gold. \u00a1Visita sus cams y decide qui\u00e9n es tu favorita para<br \/>\nrecibir tu regalo Estrella Gold!<\/p>\n<div class=\"one_third\" style=\"text-align:;\"><\/p>\n<div class=\"showWrap\">\n<div class=\"perfpic\" style=\"background-image: url('https:\/\/wac.9218.systemcdn.net\/809218\/content\/CDN\/profile\/200x150\/9134097.jpg');\"><a class=\"usrnm\" href=\"https:\/\/cam4.com\/coppiagold73\" target=\"_blank\"> coppiagold73 <\/a><\/div>\n<p class=\"desc\">Send me your Gold Star!<\/p>\n<p class=\"desc\"><a href=\"https:\/\/cam4.com\/coppiagold73\" target=\"_blank\">Visit Profile<\/a><\/p>\n<\/div>\n<p><\/div>\n<div class=\"one_third\" style=\"text-align:;\"><\/p>\n<div class=\"showWrap\">\n<div class=\"perfpic\" style=\"background-image: url('https:\/\/wac.9218.systemcdn.net\/809218\/content\/CDN\/profile\/200x150\/9597240.jpg');\"><a class=\"usrnm\" href=\"https:\/\/cam4.com\/parisensuell\" target=\"_blank\"> Parisensuell <\/a><\/div>\n<p class=\"desc\">Send me your Gold Star!<\/p>\n<p class=\"desc\"><a href=\"https:\/\/cam4.com\/parisensuell\" target=\"_blank\">Visit Profile<\/a><\/p>\n<\/div>\n<p><\/div>\n<div class=\"one_third_last\" style=\"text-align:;\"><\/p>\n<div class=\"showWrap\">\n<div class=\"perfpic\" style=\"background-image: url('https:\/\/wac.9218.systemcdn.net\/809218\/content\/CDN\/profile\/200x150\/9579310.jpg');\"><a class=\"usrnm\" href=\"https:\/\/cam4.com\/Xjudith20\" target=\"_blank\"> xJudith20 <\/a><\/div>\n<p class=\"desc\">Send me your Gold Star!<\/p>\n<p class=\"desc\"><a href=\"https:\/\/cam4.com\/Xjudith20\" target=\"_blank\">Visit Profile<\/a><\/p>\n<\/div>\n<p><\/div><div class=\"clear\"><\/div>\n<div class=\"one_third\" style=\"text-align:;\"><\/p>\n<div class=\"showWrap\">\n<div class=\"perfpic\" style=\"background-image: url('https:\/\/wac.9218.systemcdn.net\/809218\/content\/CDN\/profile\/200x150\/9486390.jpg');\"><a class=\"usrnm\" href=\"https:\/\/cam4.com\/_necessity_\" target=\"_blank\"> Necessity <\/a><\/div>\n<p class=\"desc\">Send me your Gold Star!<\/p>\n<p class=\"desc\"><a href=\"https:\/\/cam4.com\/_necessity_\" target=\"_blank\">Visit Profile<\/a><\/p>\n<\/div>\n<p><\/div>\n<div class=\"one_third\" style=\"text-align:;\"><\/p>\n<div class=\"showWrap\">\n<div class=\"perfpic\" style=\"background-image: url('https:\/\/wac.9218.systemcdn.net\/809218\/content\/CDN\/profile\/200x150\/9399172.jpg');\"><a class=\"usrnm\" href=\"https:\/\/cam4.com\/amelia_lyn\" target=\"_blank\"> Amelia_Lyn <\/a><\/div>\n<p class=\"desc\">Send me your Gold Star!<\/p>\n<p class=\"desc\"><a href=\"https:\/\/cam4.com\/amelia_lyn\" target=\"_blank\">Visit Profile<\/a><\/p>\n<\/div>\n<p><\/div>\n<div class=\"one_third_last\" style=\"text-align:;\"><\/p>\n<div class=\"showWrap\">\n<div class=\"perfpic\" style=\"background-image: url('https:\/\/wac.9218.systemcdn.net\/809218\/content\/CDN\/profile\/200x150\/9481983.jpg');\"><a class=\"usrnm\" href=\"https:\/\/cam4.com\/2HoneyBees1\" target=\"_blank\"> 2HoneyBees1 <\/a><\/div>\n<p class=\"desc\">Send me your Gold Star!<\/p>\n<p class=\"desc\"><a href=\"https:\/\/cam4.com\/2HoneyBees1\" target=\"_blank\">Visit Profile<\/a><\/p>\n<\/div>\n<p><\/div><div class=\"clear\"><\/div>\n<div class=\"one_third\" style=\"text-align:;\"><\/p>\n<div class=\"showWrap\">\n<div class=\"perfpic\" style=\"background-image: url('https:\/\/wac.9218.systemcdn.net\/809218\/content\/CDN\/profile\/200x150\/9598854.jpg');\"><a class=\"usrnm\" href=\"https:\/\/cam4.com\/shosanna\" target=\"_blank\"> Shosanna <\/a><\/div>\n<p class=\"desc\">Send me your Gold Star!<\/p>\n<p class=\"desc\"><a href=\"https:\/\/cam4.com\/shosanna\" target=\"_blank\">Visit Profile<\/a><\/p>\n<\/div>\n<p><\/div>\n<div class=\"one_third\" style=\"text-align:;\"><\/p>\n<div class=\"showWrap\">\n<div class=\"perfpic\" style=\"background-image: url('https:\/\/wac.9218.systemcdn.net\/809218\/content\/CDN\/profile\/200x150\/9601896.jpg');\"><a class=\"usrnm\" href=\"https:\/\/cam4.com\/danicamoon\" target=\"_blank\"> Danica Moon <\/a><\/div>\n<p class=\"desc\">Send me your Gold Star!<\/p>\n<p class=\"desc\"><a href=\"https:\/\/cam4.com\/danicamoon\" target=\"_blank\">Visit Profile<\/a><\/p>\n<\/div>\n<p><\/div>\n<div class=\"one_third_last\" style=\"text-align:;\"><\/p>\n<div class=\"showWrap\">\n<div class=\"perfpic\" style=\"background-image: url('https:\/\/wac.9218.systemcdn.net\/809218\/content\/CDN\/profile\/200x150\/9618804.jpg');\"><a class=\"usrnm\" href=\"https:\/\/cam4.com\/helo_kitty\" target=\"_blank\"> Helo Kitty <\/a><\/div>\n<p class=\"desc\">Send me your Gold Star!<\/p>\n<p class=\"desc\"><a href=\"https:\/\/cam4.com\/helo_kitty\" target=\"_blank\">Visit Profile<\/a><\/p>\n<\/div>\n<p><\/div><div class=\"clear\"><\/div>\n<div class=\"one_third\" style=\"text-align:;\"><\/p>\n<div class=\"showWrap\">\n<div class=\"perfpic\" style=\"background-image: url('https:\/\/wac.9218.systemcdn.net\/809218\/content\/CDN\/cms\/default_Female.200x150.jpg');\"><a class=\"usrnm\" href=\"https:\/\/cam4.com\/koralross\" target=\"_blank\"> Koral Ross <\/a><\/div>\n<p class=\"desc\">Send me your Gold Star!<\/p>\n<p class=\"desc\"><a href=\"https:\/\/cam4.com\/koralross\" target=\"_blank\">Visit Profile<\/a><\/p>\n<\/div>\n<p><\/div>\n","protected":false},"excerpt":{"rendered":"<p>El Show Gold es una transmisi\u00f3n mensual solo para miembros Gold, protagonizada por el\/la modelo favorit@ de la comunidad!<\/p>\n<p>Cada mes, 10 modelos<\/p>\n","protected":false},"author":1,"featured_media":0,"parent":0,"menu_order":0,"comment_status":"open","ping_status":"open","template":"","meta":[],"_links":{"self":[{"href":"https:\/\/es.cam4.com\/blog\/wp-json\/wp\/v2\/pages\/6513"}],"collection":[{"href":"https:\/\/es.cam4.com\/blog\/wp-json\/wp\/v2\/pages"}],"about":[{"href":"https:\/\/es.cam4.com\/blog\/wp-json\/wp\/v2\/types\/page"}],"author":[{"embeddable":true,"href":"https:\/\/es.cam4.com\/blog\/wp-json\/wp\/v2\/users\/1"}],"replies":[{"embeddable":true,"href":"https:\/\/es.cam4.com\/blog\/wp-json\/wp\/v2\/comments?post=6513"}],"version-history":[{"count":0,"href":"https:\/\/es.cam4.com\/blog\/wp-json\/wp\/v2\/pages\/6513\/revisions"}],"wp:attachment":[{"href":"https:\/\/es.cam4.com\/blog\/wp-json\/wp\/v2\/media?parent=6513"}],"curies":[{"name":"wp","href":"https:\/\/api.w.org\/{rel}","templated":true}]}}